{"id":2719,"date":"2024-10-14T19:21:43","date_gmt":"2024-10-14T19:21:43","guid":{"rendered":"https:\/\/ipasa.com.mx\/?post_type=product&#038;p=2719"},"modified":"2026-02-13T20:02:00","modified_gmt":"2026-02-13T20:02:00","slug":"tapete-sencillo-14x42-para-lechones-en-la-maternidad-2","status":"publish","type":"product","link":"https:\/\/ipasa.com.mx\/index.php\/product\/tapete-sencillo-14x42-para-lechones-en-la-maternidad-2\/","title":{"rendered":"Tapete Sencillo 14\u2033x42\u2033 para lechones en la maternidad"},"content":{"rendered":"<ul>\n<li>Fabricado en hule negro vulcanizado con fibras de nailon integradas de la m\u00e1s alta calidad, terminado antiderrapante para ayudar a la tracci\u00f3n de las hembras y evitar lechones lastimados por el levantamiento brusco de la cerda.<\/li>\n<li>Suave, flexible, resistente y de f\u00e1cil limpieza; su doble presentaci\u00f3n permite colocarlo para dos jaulas.<\/li>\n<li>Cuenta con gu\u00edas acanaladas que evitan el movimiento del mismo.<\/li>\n<\/ul>\n<p><span style=\"vertical-align: inherit\">Tama\u00f1o: <\/span><br \/>\n<span style=\"vertical-align: inherit\"><strong>14\u201d x 42\u201d (35.56 cm de ancho y 105 cm de largo)<\/strong><\/span><\/p>\n<p>10.02.2025V<\/p>\n","protected":false},"excerpt":{"rendered":"<ul>\n<li>Ayuda a mantener abrigados y secos a los lechones, al absorber el calor radiante de la fuente de energ\u00eda, al mismo tiempo evita corrientes que fluyen a trav\u00e9s de los pisos en rejillados de las jaulas.<\/li>\n<li>Tambi\u00e9n ayuda a la recuperaci\u00f3n de alimento que cae del comedero, que de otra manera caer\u00eda a trav\u00e9s de la rejilla del piso. Es de f\u00e1cil limpieza.<\/li>\n<\/ul>\n<p><span style=\"vertical-align: inherit\">10.02.25v<\/span><\/p>\n","protected":false},"featured_media":2760,"template":"","meta":{"site-sidebar-layout":"default","site-content-layout":"","ast-site-content-layout":"default","site-content-style":"default","site-sidebar-style":"default","ast-global-header-display":"","ast-banner-title-visibility":"","ast-main-header-display":"","ast-hfb-above-header-display":"","ast-hfb-below-header-display":"","ast-hfb-mobile-header-display":"","site-post-title":"","ast-breadcrumbs-content":"","ast-featured-img":"","footer-sml-layout":"","theme-transparent-header-meta":"default","adv-header-id-meta":"","stick-header-meta":"","header-above-stick-meta":"","header-main-stick-meta":"","header-below-stick-meta":"","astra-migrate-meta-layouts":"set","ast-page-background-enabled":"default","ast-page-background-meta":{"desktop":{"background-color":"","background-image":"","background-repeat":"repeat","background-position":"center center","background-size":"auto","background-attachment":"scroll","background-type":"","background-media":"","overlay-type":"","overlay-color":"","overlay-opacity":"","overlay-gradient":""},"tablet":{"background-color":"","background-image":"","background-repeat":"repeat","background-position":"center center","background-size":"auto","background-attachment":"scroll","background-type":"","background-media":"","overlay-type":"","overlay-color":"","overlay-opacity":"","overlay-gradient":""},"mobile":{"background-color":"","background-image":"","background-repeat":"repeat","background-position":"center center","background-size":"auto","background-attachment":"scroll","background-type":"","background-media":"","overlay-type":"","overlay-color":"","overlay-opacity":"","overlay-gradient":""}},"ast-content-background-meta":{"desktop":{"background-color":"var(--ast-global-color-5)","background-image":"","background-repeat":"repeat","background-position":"center center","background-size":"auto","background-attachment":"scroll","background-type":"","background-media":"","overlay-type":"","overlay-color":"","overlay-opacity":"","overlay-gradient":""},"tablet":{"background-color":"var(--ast-global-color-5)","background-image":"","background-repeat":"repeat","background-position":"center center","background-size":"auto","background-attachment":"scroll","background-type":"","background-media":"","overlay-type":"","overlay-color":"","overlay-opacity":"","overlay-gradient":""},"mobile":{"background-color":"var(--ast-global-color-5)","background-image":"","background-repeat":"repeat","background-position":"center center","background-size":"auto","background-attachment":"scroll","background-type":"","background-media":"","overlay-type":"","overlay-color":"","overlay-opacity":"","overlay-gradient":""}},"_joinchat":[]},"product_brand":[],"product_cat":[71,88],"product_tag":[179,178],"class_list":{"0":"post-2719","1":"product","2":"type-product","3":"status-publish","4":"has-post-thumbnail","6":"product_cat-pisos-y-tapetes","7":"product_cat-tapetes","8":"product_tag-tapete-criador","9":"product_tag-tapete-termico","10":"desktop-align-left","11":"tablet-align-left","12":"mobile-align-left","14":"first","15":"instock","16":"shipping-taxable","17":"purchasable","18":"product-type-simple"},"_links":{"self":[{"href":"https:\/\/ipasa.com.mx\/index.php\/wp-json\/wp\/v2\/product\/2719","targetHints":{"allow":["GET"]}}],"collection":[{"href":"https:\/\/ipasa.com.mx\/index.php\/wp-json\/wp\/v2\/product"}],"about":[{"href":"https:\/\/ipasa.com.mx\/index.php\/wp-json\/wp\/v2\/types\/product"}],"wp:featuredmedia":[{"embeddable":true,"href":"https:\/\/ipasa.com.mx\/index.php\/wp-json\/wp\/v2\/media\/2760"}],"wp:attachment":[{"href":"https:\/\/ipasa.com.mx\/index.php\/wp-json\/wp\/v2\/media?parent=2719"}],"wp:term":[{"taxonomy":"product_brand","embeddable":true,"href":"https:\/\/ipasa.com.mx\/index.php\/wp-json\/wp\/v2\/product_brand?post=2719"},{"taxonomy":"product_cat","embeddable":true,"href":"https:\/\/ipasa.com.mx\/index.php\/wp-json\/wp\/v2\/product_cat?post=2719"},{"taxonomy":"product_tag","embeddable":true,"href":"https:\/\/ipasa.com.mx\/index.php\/wp-json\/wp\/v2\/product_tag?post=2719"}],"curies":[{"name":"wp","href":"https:\/\/api.w.org\/{rel}","templated":true}]}}