{"id":2685,"date":"2024-07-19T22:13:28","date_gmt":"2024-07-19T22:13:28","guid":{"rendered":"https:\/\/ipasa.com.mx\/?post_type=product&#038;p=2685"},"modified":"2024-09-03T20:36:43","modified_gmt":"2024-09-03T20:36:43","slug":"base-mix-desarollo","status":"publish","type":"product","link":"https:\/\/ipasa.com.mx\/index.php\/product\/base-mix-desarollo\/","title":{"rendered":"BASE MIX DESAROLLO"},"content":{"rendered":"<p>Base mix Desarrollo de 50 a 70 kg.<\/p>\n<p>Indicaciones: Consumo animal para cerdos de 50 hasta 70 kg.<\/p>\n<p>Dosis y v\u00eda administraci\u00f3n: 25 kg\/Tonelada para la elaboraci\u00f3n de alimento terminado desarrollo v\u00eda oral.<\/p>\n<p>Ingredientes: Vitaminas, Macro y Micro minerales de alta absorci\u00f3n, lisina, complejo B, Biotina, Colina, Calcio, F\u00f3sforo, Ractopamina Antibiotico, Vitaminas A,D y E, Amino\u00e1cidos Esenciales, Saborizante, BHA, BHT y EQT.<\/p>\n<table width=\"346\">\n<tbody>\n<tr>\n<td colspan=\"2\" width=\"230\">FORMA DE USO<\/td>\n<\/tr>\n<tr>\n<td>SORGO O MAIZ MOLIDO<\/td>\n<td>775 KG<\/td>\n<\/tr>\n<tr>\n<td>PASTA DE SOYA<\/td>\n<td>190 KG<\/td>\n<\/tr>\n<tr>\n<td>GRASA O ACEITE<\/td>\n<td>10 KG<\/td>\n<\/tr>\n<tr>\n<td>BASE DESARROLLO<\/td>\n<td>25 KG<\/td>\n<\/tr>\n<tr>\n<td>Total<\/td>\n<td>1,000 kg<\/td>\n<\/tr>\n<\/tbody>\n<\/table>\n<p>Reg. SAGARPA EXENTO de acuerdo DOF del d\u00eda 23 de Julio.<\/p>\n","protected":false},"excerpt":{"rendered":"<p>Costal con presentaci\u00f3n de 25 kg.<\/p>\n<p>Precio al contado y L.A.B. La Piedad, Michoac\u00e1n, M\u00e9xico.<\/p>\n<p>Precios pueden cambiar sin previo aviso.<\/p>\n<p>CONSULTE A NUESTRO DEPARTAMENTO TECNICO.<\/p>\n","protected":false},"featured_media":2686,"template":"","meta":{"site-sidebar-layout":"default","site-content-layout":"","ast-site-content-layout":"default","site-content-style":"default","site-sidebar-style":"default","ast-global-header-display":"","ast-banner-title-visibility":"","ast-main-header-display":"","ast-hfb-above-header-display":"","ast-hfb-below-header-display":"","ast-hfb-mobile-header-display":"","site-post-title":"","ast-breadcrumbs-content":"","ast-featured-img":"","footer-sml-layout":"","theme-transparent-header-meta":"default","adv-header-id-meta":"","stick-header-meta":"","header-above-stick-meta":"","header-main-stick-meta":"","header-below-stick-meta":"","astra-migrate-meta-layouts":"set","ast-page-background-enabled":"default","ast-page-background-meta":{"desktop":{"background-color":"","background-image":"","background-repeat":"repeat","background-position":"center center","background-size":"auto","background-attachment":"scroll","background-type":"","background-media":"","overlay-type":"","overlay-color":"","overlay-opacity":"","overlay-gradient":""},"tablet":{"background-color":"","background-image":"","background-repeat":"repeat","background-position":"center center","background-size":"auto","background-attachment":"scroll","background-type":"","background-media":"","overlay-type":"","overlay-color":"","overlay-opacity":"","overlay-gradient":""},"mobile":{"background-color":"","background-image":"","background-repeat":"repeat","background-position":"center center","background-size":"auto","background-attachment":"scroll","background-type":"","background-media":"","overlay-type":"","overlay-color":"","overlay-opacity":"","overlay-gradient":""}},"ast-content-background-meta":{"desktop":{"background-color":"var(--ast-global-color-5)","background-image":"","background-repeat":"repeat","background-position":"center center","background-size":"auto","background-attachment":"scroll","background-type":"","background-media":"","overlay-type":"","overlay-color":"","overlay-opacity":"","overlay-gradient":""},"tablet":{"background-color":"var(--ast-global-color-5)","background-image":"","background-repeat":"repeat","background-position":"center center","background-size":"auto","background-attachment":"scroll","background-type":"","background-media":"","overlay-type":"","overlay-color":"","overlay-opacity":"","overlay-gradient":""},"mobile":{"background-color":"var(--ast-global-color-5)","background-image":"","background-repeat":"repeat","background-position":"center center","background-size":"auto","background-attachment":"scroll","background-type":"","background-media":"","overlay-type":"","overlay-color":"","overlay-opacity":"","overlay-gradient":""}},"_joinchat":[]},"product_brand":[],"product_cat":[223],"product_tag":[],"class_list":{"0":"post-2685","1":"product","2":"type-product","3":"status-publish","4":"has-post-thumbnail","6":"product_cat-alimentos-balanceados","7":"desktop-align-left","8":"tablet-align-left","9":"mobile-align-left","11":"first","12":"instock","13":"shipping-taxable","14":"product-type-simple"},"_links":{"self":[{"href":"https:\/\/ipasa.com.mx\/index.php\/wp-json\/wp\/v2\/product\/2685","targetHints":{"allow":["GET"]}}],"collection":[{"href":"https:\/\/ipasa.com.mx\/index.php\/wp-json\/wp\/v2\/product"}],"about":[{"href":"https:\/\/ipasa.com.mx\/index.php\/wp-json\/wp\/v2\/types\/product"}],"wp:featuredmedia":[{"embeddable":true,"href":"https:\/\/ipasa.com.mx\/index.php\/wp-json\/wp\/v2\/media\/2686"}],"wp:attachment":[{"href":"https:\/\/ipasa.com.mx\/index.php\/wp-json\/wp\/v2\/media?parent=2685"}],"wp:term":[{"taxonomy":"product_brand","embeddable":true,"href":"https:\/\/ipasa.com.mx\/index.php\/wp-json\/wp\/v2\/product_brand?post=2685"},{"taxonomy":"product_cat","embeddable":true,"href":"https:\/\/ipasa.com.mx\/index.php\/wp-json\/wp\/v2\/product_cat?post=2685"},{"taxonomy":"product_tag","embeddable":true,"href":"https:\/\/ipasa.com.mx\/index.php\/wp-json\/wp\/v2\/product_tag?post=2685"}],"curies":[{"name":"wp","href":"https:\/\/api.w.org\/{rel}","templated":true}]}}