{"id":2415,"date":"2024-02-28T05:32:23","date_gmt":"2024-02-28T05:32:23","guid":{"rendered":"https:\/\/ipasa.com.mx\/?post_type=product&#038;p=2415"},"modified":"2026-02-14T21:06:02","modified_gmt":"2026-02-14T21:06:02","slug":"separador-de-solidos-en-granjas-pecuarias-de-250-vientres","status":"publish","type":"product","link":"https:\/\/ipasa.com.mx\/index.php\/product\/separador-de-solidos-en-granjas-pecuarias-de-250-vientres\/","title":{"rendered":"Separador de S\u00f3lidos en Granjas Pecuarias de 250 vientres"},"content":{"rendered":"<p>SEPARADOR DE S\u00d3LIDOS PARA 250 VIENTRES PORCINOS Y TODA SU POBLACI\u00d3N QUE CONSTA DE: UNA CASCADA SS-60 CON MALLA CUNEIFORME EN ACERO INOXIDABLE DE 0.025&#8243; 60 X 120 CM, UN TRANSPORTADOR EXPRIMIDOR TE-140 CON UN REDUCTOR DE VELOCIDAD DE 2 HP, UNA BOMBA PARA LODOS DE 2 HP CON PLUMA SOPORTE CON MALACATE PARA BOMBA SUMERGIBLE, UN PAQUETE DE ACCESORIOS DE CONEXI\u00d3N Y MANGUERAS PARA CONECTAR HIDR\u00c1ULICAMENTE EL EQUIPO; TAMBI\u00c9N SE INCLUYE EL GABINETE DE CONTROL EL\u00c9CTRICO CON 2 ARRANCADORES MAGN\u00c9TICOS A PLENA TENSI\u00d3N Y 2 GUARDAMOTORES MARCA SIEMENS. EL PRECIO NO INCLUYE LA INSTALACI\u00d3N DE ESTOS EQUIPOS. SE SURTE TOTALMENTE DESARMADO.<\/p>\n","protected":false},"excerpt":{"rendered":"<p><span style=\"vertical-align: inherit;\"><span style=\"vertical-align: inherit;\">IPASA, empresa 100% mexicana e interesada en la problem\u00e1tica del medio ambiente, ha desarrollado en los \u00faltimos 10 a\u00f1os tecnolog\u00eda para recuperaci\u00f3n de s\u00f3lidos y tratamiento de aguas residuales en los negocios pecuarios, en respuesta a las necesidades actuales ecol\u00f3gicas ya la vez creando mejores condiciones. de aprovechamiento y cuidado de agua. <\/span><span style=\"vertical-align: inherit;\">En el tratamiento de aguas residuales, el primer paso es la separaci\u00f3n de s\u00f3lidos frescos de los desechos l\u00edquidos de las explotaciones pecuarias, esto tiene el prop\u00f3sito de reducir el contenido de s\u00f3lidos contaminantes y tratar de aprovechar las propiedades nutritivas de los desechos obtenidos en la cadena. de la alimentaci\u00f3n animal.<\/span><\/span><\/p>\n<p>Ventajas del Dise\u00f1o:<\/p>\n<ul>\n<li>Construcci\u00f3n en acero inoxidable norma 304 acero no t\u00e9rmico.<\/li>\n<li>M\u00ednimo mantenimiento.<\/li>\n<li>Durabilidad prolongada.<\/li>\n<li>F\u00e1cil operaci\u00f3n.<\/li>\n<li>Versatilidad de instalaci\u00f3n.<\/li>\n<li>Bajo costo de operaci\u00f3n.<\/li>\n<li>Disponibilidad de refacciones.<\/li>\n<li>Bomba de lodos con doble sello mec\u00e1nico.<\/li>\n<li>Sencillaz en el armado.<\/li>\n<\/ul>\n<p>Ventajas de Funcionalidad:<\/p>\n<ul>\n<li>Separaci\u00f3n de s\u00f3lidos en cascada.<\/li>\n<li>No separe por vibraci\u00f3n.<\/li>\n<li>De los s\u00f3lidos recuperados no separa finos.<\/li>\n<li>S\u00f3lidos recuperados homog\u00e9neos.<\/li>\n<li>No tiene problemas de atasco.<\/li>\n<li>Flujo continuo de recuperaci\u00f3n.<\/li>\n<li>Incremento de eficiencia de desag\u00fce 60 % de<\/li>\n<li>humedad en s\u00f3lidos recuperados.<\/li>\n<\/ul>\n<p>CAPACIDADES<\/p>\n<table border=\"0\">\n<tbody>\n<tr>\n<td><strong>NUMERO DE VIENTRES*<\/strong><\/td>\n<td><strong>MODELO<\/strong><\/td>\n<td><strong>POTENCIA DE BOMBAS<\/strong><\/td>\n<td>\n<div align=\"center\"><strong>VOLTAJE<\/strong><\/div>\n<\/td>\n<td><strong>REDUCTOR<\/strong><\/td>\n<td><strong>REDUCTOR DE VOLTAJE<\/strong><\/td>\n<\/tr>\n<tr>\n<td>250<\/td>\n<td>SS-250<\/td>\n<td>1 CV<\/td>\n<td>220-440<\/td>\n<td>2 CV<\/td>\n<td>220-440<\/td>\n<\/tr>\n<tr>\n<td>500<\/td>\n<td>SS-500<\/td>\n<td>2 CV<\/td>\n<td>220-440<\/td>\n<td>2 CV<\/td>\n<td>220-440<\/td>\n<\/tr>\n<tr>\n<td>100<\/td>\n<td>SS-1000<\/td>\n<td>5 CV<\/td>\n<td>220-440<\/td>\n<td>3 CV<\/td>\n<td>220-440<\/td>\n<\/tr>\n<\/tbody>\n<\/table>\n<p>La fosa receptora se calcula considerando un volumen de un metro c\u00fabico por cada diez hembras en producci\u00f3n.<\/p>\n<p>Se muestran im\u00e1genes de varios modelos e instalaciones a manera de ejemplos<\/p>\n<p>*N\u00famero de vientres y su poblaci\u00f3n.<\/p>\n<ul>\n<li><span style=\"vertical-align: inherit;\"><span style=\"vertical-align: inherit;\">PRODUCTO CON TIEMPO DE ENTREGA. <\/span><span style=\"vertical-align: inherit;\">CONSULTE A SU ASESOR COMECIAL O COMUNIQUESE CON NOSOTROS.<\/span><\/span><\/li>\n<\/ul>\n<p><span style=\"vertical-align: inherit;\"><span style=\"vertical-align: inherit;\">24.06.2022 v<\/span><\/span><\/p>\n","protected":false},"featured_media":1700,"template":"","meta":{"site-sidebar-layout":"default","site-content-layout":"","ast-site-content-layout":"default","site-content-style":"default","site-sidebar-style":"default","ast-global-header-display":"","ast-banner-title-visibility":"","ast-main-header-display":"","ast-hfb-above-header-display":"","ast-hfb-below-header-display":"","ast-hfb-mobile-header-display":"","site-post-title":"","ast-breadcrumbs-content":"","ast-featured-img":"","footer-sml-layout":"","theme-transparent-header-meta":"default","adv-header-id-meta":"","stick-header-meta":"","header-above-stick-meta":"","header-main-stick-meta":"","header-below-stick-meta":"","astra-migrate-meta-layouts":"set","ast-page-background-enabled":"default","ast-page-background-meta":{"desktop":{"background-color":"","background-image":"","background-repeat":"repeat","background-position":"center center","background-size":"auto","background-attachment":"scroll","background-type":"","background-media":"","overlay-type":"","overlay-color":"","overlay-opacity":"","overlay-gradient":""},"tablet":{"background-color":"","background-image":"","background-repeat":"repeat","background-position":"center center","background-size":"auto","background-attachment":"scroll","background-type":"","background-media":"","overlay-type":"","overlay-color":"","overlay-opacity":"","overlay-gradient":""},"mobile":{"background-color":"","background-image":"","background-repeat":"repeat","background-position":"center center","background-size":"auto","background-attachment":"scroll","background-type":"","background-media":"","overlay-type":"","overlay-color":"","overlay-opacity":"","overlay-gradient":""}},"ast-content-background-meta":{"desktop":{"background-color":"var(--ast-global-color-5)","background-image":"","background-repeat":"repeat","background-position":"center center","background-size":"auto","background-attachment":"scroll","background-type":"","background-media":"","overlay-type":"","overlay-color":"","overlay-opacity":"","overlay-gradient":""},"tablet":{"background-color":"var(--ast-global-color-5)","background-image":"","background-repeat":"repeat","background-position":"center center","background-size":"auto","background-attachment":"scroll","background-type":"","background-media":"","overlay-type":"","overlay-color":"","overlay-opacity":"","overlay-gradient":""},"mobile":{"background-color":"var(--ast-global-color-5)","background-image":"","background-repeat":"repeat","background-position":"center center","background-size":"auto","background-attachment":"scroll","background-type":"","background-media":"","overlay-type":"","overlay-color":"","overlay-opacity":"","overlay-gradient":""}},"_joinchat":[]},"product_brand":[],"product_cat":[45],"product_tag":[166],"class_list":{"0":"post-2415","1":"product","2":"type-product","3":"status-publish","4":"has-post-thumbnail","6":"product_cat-separador-de-solidos-y-bombas","7":"product_tag-excretas","8":"desktop-align-left","9":"tablet-align-left","10":"mobile-align-left","12":"first","13":"instock","14":"featured","15":"shipping-taxable","16":"purchasable","17":"product-type-simple"},"_links":{"self":[{"href":"https:\/\/ipasa.com.mx\/index.php\/wp-json\/wp\/v2\/product\/2415","targetHints":{"allow":["GET"]}}],"collection":[{"href":"https:\/\/ipasa.com.mx\/index.php\/wp-json\/wp\/v2\/product"}],"about":[{"href":"https:\/\/ipasa.com.mx\/index.php\/wp-json\/wp\/v2\/types\/product"}],"wp:featuredmedia":[{"embeddable":true,"href":"https:\/\/ipasa.com.mx\/index.php\/wp-json\/wp\/v2\/media\/1700"}],"wp:attachment":[{"href":"https:\/\/ipasa.com.mx\/index.php\/wp-json\/wp\/v2\/media?parent=2415"}],"wp:term":[{"taxonomy":"product_brand","embeddable":true,"href":"https:\/\/ipasa.com.mx\/index.php\/wp-json\/wp\/v2\/product_brand?post=2415"},{"taxonomy":"product_cat","embeddable":true,"href":"https:\/\/ipasa.com.mx\/index.php\/wp-json\/wp\/v2\/product_cat?post=2415"},{"taxonomy":"product_tag","embeddable":true,"href":"https:\/\/ipasa.com.mx\/index.php\/wp-json\/wp\/v2\/product_tag?post=2415"}],"curies":[{"name":"wp","href":"https:\/\/api.w.org\/{rel}","templated":true}]}}