{"id":1893,"date":"2023-10-25T15:58:09","date_gmt":"2023-10-25T15:58:09","guid":{"rendered":"https:\/\/ipasa.com.mx\/?post_type=product&#038;p=1893"},"modified":"2025-02-18T22:07:45","modified_gmt":"2025-02-18T22:07:45","slug":"piso-plastico-dura-tuff-30-48-x-30-48-cm-reforzado","status":"publish","type":"product","link":"https:\/\/ipasa.com.mx\/index.php\/product\/piso-plastico-dura-tuff-30-48-x-30-48-cm-reforzado\/","title":{"rendered":"Piso pl\u00e1stico Dura-tuff 30.48 x 30.48 cm reforzado"},"content":{"rendered":"<p>Pieza de piso pl\u00e1stico marca Dura-tuff para cerdas en maternidad o gestaci\u00f3n.<\/p>\n<p>Dimensiones exactas: 30.48 x 30.48 cm<\/p>\n<p>Para montarse en soleras de\u00a01\/4\u2033 de\u00a0espesor.<\/p>\n<p>Est\u00e1n fabricados con polipropileno virgen de alto impacto, no contienen pl\u00e1stico reciclado.<\/p>\n<p>*Producto importado de USA<\/p>\n<ul>\n<li>PRODUCTO SUJETO A DISPONIBILIDAD. CONSULTE A SU ASESOR COMECIAL O COMUNIQUESE CON NOSOTROS<\/li>\n<\/ul>\n","protected":false},"excerpt":{"rendered":"<p>Pieza de piso pl\u00e1stico marca Dura-tuff para cerdas en maternidad o gestaci\u00f3n. Dimensiones exactas: 30.48 x 30.48 cm Para montarse en soleras de\u00a01\/4\u2033 de\u00a0espesor. Est\u00e1n fabricados con polipropileno virgen de alto impacto, no contienen pl\u00e1stico reciclado. *Producto importado de USA PRODUCTO SUJETO A DISPONIBILIDAD. CONSULTE A SU ASESOR COMECIAL O COMUNIQUESE CON NOSOTROS<\/p>\n","protected":false},"featured_media":1965,"template":"","meta":{"site-sidebar-layout":"default","site-content-layout":"","ast-site-content-layout":"default","site-content-style":"default","site-sidebar-style":"default","ast-global-header-display":"","ast-banner-title-visibility":"","ast-main-header-display":"","ast-hfb-above-header-display":"","ast-hfb-below-header-display":"","ast-hfb-mobile-header-display":"","site-post-title":"","ast-breadcrumbs-content":"","ast-featured-img":"","footer-sml-layout":"","theme-transparent-header-meta":"default","adv-header-id-meta":"","stick-header-meta":"","header-above-stick-meta":"","header-main-stick-meta":"","header-below-stick-meta":"","astra-migrate-meta-layouts":"set","ast-page-background-enabled":"default","ast-page-background-meta":{"desktop":{"background-color":"","background-image":"","background-repeat":"repeat","background-position":"center center","background-size":"auto","background-attachment":"scroll","background-type":"","background-media":"","overlay-type":"","overlay-color":"","overlay-opacity":"","overlay-gradient":""},"tablet":{"background-color":"","background-image":"","background-repeat":"repeat","background-position":"center center","background-size":"auto","background-attachment":"scroll","background-type":"","background-media":"","overlay-type":"","overlay-color":"","overlay-opacity":"","overlay-gradient":""},"mobile":{"background-color":"","background-image":"","background-repeat":"repeat","background-position":"center center","background-size":"auto","background-attachment":"scroll","background-type":"","background-media":"","overlay-type":"","overlay-color":"","overlay-opacity":"","overlay-gradient":""}},"ast-content-background-meta":{"desktop":{"background-color":"var(--ast-global-color-5)","background-image":"","background-repeat":"repeat","background-position":"center center","background-size":"auto","background-attachment":"scroll","background-type":"","background-media":"","overlay-type":"","overlay-color":"","overlay-opacity":"","overlay-gradient":""},"tablet":{"background-color":"var(--ast-global-color-5)","background-image":"","background-repeat":"repeat","background-position":"center center","background-size":"auto","background-attachment":"scroll","background-type":"","background-media":"","overlay-type":"","overlay-color":"","overlay-opacity":"","overlay-gradient":""},"mobile":{"background-color":"var(--ast-global-color-5)","background-image":"","background-repeat":"repeat","background-position":"center center","background-size":"auto","background-attachment":"scroll","background-type":"","background-media":"","overlay-type":"","overlay-color":"","overlay-opacity":"","overlay-gradient":""}},"_joinchat":[]},"product_brand":[],"product_cat":[72],"product_tag":[],"class_list":{"0":"post-1893","1":"product","2":"type-product","3":"status-publish","4":"has-post-thumbnail","6":"product_cat-pisos-plasticos","7":"desktop-align-left","8":"tablet-align-left","9":"mobile-align-left","11":"first","12":"onbackorder","13":"shipping-taxable","14":"product-type-simple"},"_links":{"self":[{"href":"https:\/\/ipasa.com.mx\/index.php\/wp-json\/wp\/v2\/product\/1893","targetHints":{"allow":["GET"]}}],"collection":[{"href":"https:\/\/ipasa.com.mx\/index.php\/wp-json\/wp\/v2\/product"}],"about":[{"href":"https:\/\/ipasa.com.mx\/index.php\/wp-json\/wp\/v2\/types\/product"}],"wp:featuredmedia":[{"embeddable":true,"href":"https:\/\/ipasa.com.mx\/index.php\/wp-json\/wp\/v2\/media\/1965"}],"wp:attachment":[{"href":"https:\/\/ipasa.com.mx\/index.php\/wp-json\/wp\/v2\/media?parent=1893"}],"wp:term":[{"taxonomy":"product_brand","embeddable":true,"href":"https:\/\/ipasa.com.mx\/index.php\/wp-json\/wp\/v2\/product_brand?post=1893"},{"taxonomy":"product_cat","embeddable":true,"href":"https:\/\/ipasa.com.mx\/index.php\/wp-json\/wp\/v2\/product_cat?post=1893"},{"taxonomy":"product_tag","embeddable":true,"href":"https:\/\/ipasa.com.mx\/index.php\/wp-json\/wp\/v2\/product_tag?post=1893"}],"curies":[{"name":"wp","href":"https:\/\/api.w.org\/{rel}","templated":true}]}}