{"id":1873,"date":"2023-10-25T15:57:32","date_gmt":"2023-10-25T15:57:32","guid":{"rendered":"https:\/\/ipasa.com.mx\/?post_type=product&#038;p=1873"},"modified":"2026-02-24T18:42:48","modified_gmt":"2026-02-24T18:42:48","slug":"comedero-del-destete-a-la-engorda-de-3-bocas-doble","status":"publish","type":"product","link":"https:\/\/ipasa.com.mx\/index.php\/product\/comedero-del-destete-a-la-engorda-de-3-bocas-doble\/","title":{"rendered":"Comedero del Destete a la Engorda de 3 bocas doble"},"content":{"rendered":"<p>Comedero para cerdos en etapas Desarrollo a la Engorda, para alimentaci\u00f3n en Seco-Humedo, con 3 bocas por lado; construido en chapa de acero inoxidable Calidad 304, marca IPASA; equipado con cortina para regular la ca\u00edda del alimento; las dimensiones del comedero son ancho de 61cm, altura de 7? cm, y largo de 11?cm<\/p>\n<p>17.02.26 v<\/p>\n","protected":false},"excerpt":{"rendered":"<p><em><span style=\"vertical-align: inherit\"><span style=\"vertical-align: inherit\">Comedero para cerdos en desarrollo y engorda.<\/span><\/span><\/em><\/p>\n<p><em><span style=\"vertical-align: inherit\"><span style=\"vertical-align: inherit\">Fabricado en l\u00e1mina de acero inoxidable calidad 304.<\/span><\/span><\/em><\/p>\n<p><i><span style=\"vertical-align: inherit\"><span style=\"vertical-align: inherit\">Completamente soldado para mayor duraci\u00f3n.<\/span><\/span><\/i><\/p>\n<p><em><span style=\"vertical-align: inherit\"><span style=\"vertical-align: inherit\">Con Cortina Regulable para evitar desperdicio.<\/span><\/span><\/em><\/p>\n<p><em><span style=\"vertical-align: inherit\"><span style=\"vertical-align: inherit\">Disponible en Alimentaci\u00f3n Seca y Alimentaci\u00f3n Seca-H\u00fameda<\/span><\/span><\/em><\/p>\n<p><span style=\"vertical-align: inherit\"><span style=\"vertical-align: inherit\">PRODUCTO SUJETO A DISPONIBILIDAD. <\/span><span style=\"vertical-align: inherit\">CONSULTE A SU ASESOR COMECIAL O COMUNIQUESE CON NOSOTROS<\/span><\/span><\/p>\n","protected":false},"featured_media":1936,"template":"","meta":{"site-sidebar-layout":"default","site-content-layout":"","ast-site-content-layout":"default","site-content-style":"default","site-sidebar-style":"default","ast-global-header-display":"","ast-banner-title-visibility":"","ast-main-header-display":"","ast-hfb-above-header-display":"","ast-hfb-below-header-display":"","ast-hfb-mobile-header-display":"","site-post-title":"","ast-breadcrumbs-content":"","ast-featured-img":"","footer-sml-layout":"","theme-transparent-header-meta":"default","adv-header-id-meta":"","stick-header-meta":"","header-above-stick-meta":"","header-main-stick-meta":"","header-below-stick-meta":"","astra-migrate-meta-layouts":"set","ast-page-background-enabled":"default","ast-page-background-meta":{"desktop":{"background-color":"","background-image":"","background-repeat":"repeat","background-position":"center center","background-size":"auto","background-attachment":"scroll","background-type":"","background-media":"","overlay-type":"","overlay-color":"","overlay-opacity":"","overlay-gradient":""},"tablet":{"background-color":"","background-image":"","background-repeat":"repeat","background-position":"center center","background-size":"auto","background-attachment":"scroll","background-type":"","background-media":"","overlay-type":"","overlay-color":"","overlay-opacity":"","overlay-gradient":""},"mobile":{"background-color":"","background-image":"","background-repeat":"repeat","background-position":"center center","background-size":"auto","background-attachment":"scroll","background-type":"","background-media":"","overlay-type":"","overlay-color":"","overlay-opacity":"","overlay-gradient":""}},"ast-content-background-meta":{"desktop":{"background-color":"var(--ast-global-color-5)","background-image":"","background-repeat":"repeat","background-position":"center center","background-size":"auto","background-attachment":"scroll","background-type":"","background-media":"","overlay-type":"","overlay-color":"","overlay-opacity":"","overlay-gradient":""},"tablet":{"background-color":"var(--ast-global-color-5)","background-image":"","background-repeat":"repeat","background-position":"center center","background-size":"auto","background-attachment":"scroll","background-type":"","background-media":"","overlay-type":"","overlay-color":"","overlay-opacity":"","overlay-gradient":""},"mobile":{"background-color":"var(--ast-global-color-5)","background-image":"","background-repeat":"repeat","background-position":"center center","background-size":"auto","background-attachment":"scroll","background-type":"","background-media":"","overlay-type":"","overlay-color":"","overlay-opacity":"","overlay-gradient":""}},"_joinchat":[]},"product_brand":[],"product_cat":[75,76],"product_tag":[123,124,125],"class_list":{"0":"post-1873","1":"product","2":"type-product","3":"status-publish","4":"has-post-thumbnail","6":"product_cat-comederos-destete","7":"product_cat-comederos-engorda","8":"product_tag-comedero-destete-engorda","9":"product_tag-comedero-wean-to-finish","10":"product_tag-comederos-para-cerdos","11":"desktop-align-left","12":"tablet-align-left","13":"mobile-align-left","15":"first","16":"onbackorder","17":"shipping-taxable","18":"purchasable","19":"product-type-simple"},"_links":{"self":[{"href":"https:\/\/ipasa.com.mx\/index.php\/wp-json\/wp\/v2\/product\/1873","targetHints":{"allow":["GET"]}}],"collection":[{"href":"https:\/\/ipasa.com.mx\/index.php\/wp-json\/wp\/v2\/product"}],"about":[{"href":"https:\/\/ipasa.com.mx\/index.php\/wp-json\/wp\/v2\/types\/product"}],"wp:featuredmedia":[{"embeddable":true,"href":"https:\/\/ipasa.com.mx\/index.php\/wp-json\/wp\/v2\/media\/1936"}],"wp:attachment":[{"href":"https:\/\/ipasa.com.mx\/index.php\/wp-json\/wp\/v2\/media?parent=1873"}],"wp:term":[{"taxonomy":"product_brand","embeddable":true,"href":"https:\/\/ipasa.com.mx\/index.php\/wp-json\/wp\/v2\/product_brand?post=1873"},{"taxonomy":"product_cat","embeddable":true,"href":"https:\/\/ipasa.com.mx\/index.php\/wp-json\/wp\/v2\/product_cat?post=1873"},{"taxonomy":"product_tag","embeddable":true,"href":"https:\/\/ipasa.com.mx\/index.php\/wp-json\/wp\/v2\/product_tag?post=1873"}],"curies":[{"name":"wp","href":"https:\/\/api.w.org\/{rel}","templated":true}]}}