{"id":1845,"date":"2023-10-25T15:56:45","date_gmt":"2023-10-25T15:56:45","guid":{"rendered":"https:\/\/ipasa.com.mx\/?post_type=product&#038;p=1845"},"modified":"2023-12-07T18:54:18","modified_gmt":"2023-12-07T18:54:18","slug":"desinfectante-clean-hunter-con-cuaternario-de-amonio","status":"publish","type":"product","link":"https:\/\/ipasa.com.mx\/index.php\/product\/desinfectante-clean-hunter-con-cuaternario-de-amonio\/","title":{"rendered":"Desinfectante CLEAN HUNTER\u00ae con cuaternario de amonio"},"content":{"rendered":"<p><span style=\"vertical-align: inherit\"><span style=\"vertical-align: inherit\">CLEAN HUNTER\u00ae est\u00e1 formulado con cuaternario de amonio de cuarta generaci\u00f3n. <\/span><span style=\"vertical-align: inherit\">Su f\u00f3rmula qu\u00edmica es estable, tiene dos cadenas lineales gemelas de carbono y cloro, estabilizadas con un hal\u00f3geno. <\/span><span style=\"vertical-align: inherit\">Debido al mecanismo de acci\u00f3n del ingrediente activo, CLEAN HUNTER\u00ae es un desinfectante biocida de amplio espectro. <\/span><span style=\"vertical-align: inherit\">Mostrando alta efectividad para eliminar pat\u00f3genos de plantas, como: hongos, levaduras, bacterias Gram positivas, bacterias Gram negativas, algas, mohos y virus en tratamientos para desinfecci\u00f3n de superficies inanimadas. <\/span><span style=\"vertical-align: inherit\">Adem\u00e1s, elimina pat\u00f3genos de importancia en la salud humana como Escherichia Coli, Salmonela spp, Campylobacter spp y otros pat\u00f3genos.<\/span><\/span><\/p>\n<table style=\"width: 533px\">\n<tbody>\n<tr>\n<td style=\"width: 511px\" colspan=\"3\"><span style=\"vertical-align: inherit\"><span style=\"vertical-align: inherit\">RECOMENDACIONES DE USO<\/span><\/span><\/td>\n<\/tr>\n<tr>\n<td style=\"width: 293px\"><span style=\"vertical-align: inherit\"><span style=\"vertical-align: inherit\">Uso por \u00e1rea<\/span><\/span><\/td>\n<td style=\"width: 95px\"><span style=\"vertical-align: inherit\"><span style=\"vertical-align: inherit\">Dosis PPM<\/span><\/span><\/td>\n<td style=\"width: 123px\"><span style=\"vertical-align: inherit\"><span style=\"vertical-align: inherit\">Dosis ml\/litro de agua<\/span><\/span><\/td>\n<\/tr>\n<tr>\n<td style=\"width: 293px\"><span style=\"vertical-align: inherit\"><span style=\"vertical-align: inherit\">Arcos Sanitarios<\/span><\/span><\/td>\n<td style=\"width: 95px\"><span style=\"vertical-align: inherit\"><span style=\"vertical-align: inherit\">200 a 400<\/span><\/span><\/td>\n<td style=\"width: 123px\"><span style=\"vertical-align: inherit\"><span style=\"vertical-align: inherit\">0,5 a 1ml<\/span><\/span><\/td>\n<\/tr>\n<tr>\n<td style=\"width: 293px\"><span style=\"vertical-align: inherit\"><span style=\"vertical-align: inherit\">vados<\/span><\/span><\/td>\n<td style=\"width: 95px\"><span style=\"vertical-align: inherit\"><span style=\"vertical-align: inherit\">400 a 600<\/span><\/span><\/td>\n<td style=\"width: 123px\"><span style=\"vertical-align: inherit\"><span style=\"vertical-align: inherit\">1 a 1,5ml<\/span><\/span><\/td>\n<\/tr>\n<tr>\n<td style=\"width: 293px\"><span style=\"vertical-align: inherit\"><span style=\"vertical-align: inherit\">Tapetes sanitarios<\/span><\/span><\/td>\n<td style=\"width: 95px\"><span style=\"vertical-align: inherit\"><span style=\"vertical-align: inherit\">200 a 400<\/span><\/span><\/td>\n<td style=\"width: 123px\"><span style=\"vertical-align: inherit\"><span style=\"vertical-align: inherit\">0,5 a 1ml<\/span><\/span><\/td>\n<\/tr>\n<tr>\n<td style=\"width: 293px\"><span style=\"vertical-align: inherit\"><span style=\"vertical-align: inherit\">Pasillos de tr\u00e1nsito<\/span><\/span><\/td>\n<td style=\"width: 95px\"><span style=\"vertical-align: inherit\"><span style=\"vertical-align: inherit\">200 a 400<\/span><\/span><\/td>\n<td style=\"width: 123px\"><span style=\"vertical-align: inherit\"><span style=\"vertical-align: inherit\">0,5 a 1ml<\/span><\/span><\/td>\n<\/tr>\n<tr>\n<td style=\"width: 293px\"><span style=\"vertical-align: inherit\"><span style=\"vertical-align: inherit\">cajas transportadoras<\/span><\/span><\/td>\n<td style=\"width: 95px\"><span style=\"vertical-align: inherit\"><span style=\"vertical-align: inherit\">200 a 400<\/span><\/span><\/td>\n<td style=\"width: 123px\"><span style=\"vertical-align: inherit\"><span style=\"vertical-align: inherit\">0,5 a 1ml<\/span><\/span><\/td>\n<\/tr>\n<tr>\n<td style=\"width: 293px\"><span style=\"vertical-align: inherit\"><span style=\"vertical-align: inherit\">empaques<\/span><\/span><\/td>\n<td style=\"width: 95px\"><span style=\"vertical-align: inherit\"><span style=\"vertical-align: inherit\">400 a 600<\/span><\/span><\/td>\n<td style=\"width: 123px\"><span style=\"vertical-align: inherit\"><span style=\"vertical-align: inherit\">1 a 1,5ml<\/span><\/span><\/td>\n<\/tr>\n<tr>\n<td style=\"width: 293px\"><span style=\"vertical-align: inherit\"><span style=\"vertical-align: inherit\">Bodegas de insumos<\/span><\/span><\/td>\n<td style=\"width: 95px\"><span style=\"vertical-align: inherit\"><span style=\"vertical-align: inherit\">100 a 200<\/span><\/span><\/td>\n<td style=\"width: 123px\"><span style=\"vertical-align: inherit\"><span style=\"vertical-align: inherit\">0,25 a 0,5 ml<\/span><\/span><\/td>\n<\/tr>\n<tr>\n<td style=\"width: 293px\"><span style=\"vertical-align: inherit\"><span style=\"vertical-align: inherit\">Bodegas de equipo y herramientas<\/span><\/span><\/td>\n<td style=\"width: 95px\"><span style=\"vertical-align: inherit\"><span style=\"vertical-align: inherit\">200 a 800<\/span><\/span><\/td>\n<td style=\"width: 123px\"><span style=\"vertical-align: inherit\"><span style=\"vertical-align: inherit\">0,5 a 2ml<\/span><\/span><\/td>\n<\/tr>\n<tr>\n<td style=\"width: 293px\"><span style=\"vertical-align: inherit\"><span style=\"vertical-align: inherit\">Cajas de pl\u00e1stico para cosecha.<\/span><\/span><\/td>\n<td style=\"width: 95px\"><span style=\"vertical-align: inherit\"><span style=\"vertical-align: inherit\">200 a 400<\/span><\/span><\/td>\n<td style=\"width: 123px\"><span style=\"vertical-align: inherit\"><span style=\"vertical-align: inherit\">0,5 a 1ml<\/span><\/span><\/td>\n<\/tr>\n<tr>\n<td style=\"width: 293px\"><span style=\"vertical-align: inherit\"><span style=\"vertical-align: inherit\">camaras frias<\/span><\/span><\/td>\n<td style=\"width: 95px\"><span style=\"vertical-align: inherit\"><span style=\"vertical-align: inherit\">200 a 600<\/span><\/span><\/td>\n<td style=\"width: 123px\"><span style=\"vertical-align: inherit\"><span style=\"vertical-align: inherit\">0,5 a 1,5 ml<\/span><\/span><\/td>\n<\/tr>\n<tr>\n<td style=\"width: 293px\"><span style=\"vertical-align: inherit\"><span style=\"vertical-align: inherit\">T\u00faneles de desinfecci\u00f3n<\/span><\/span><\/td>\n<td style=\"width: 95px\"><span style=\"vertical-align: inherit\"><span style=\"vertical-align: inherit\">50 a 100<\/span><\/span><\/td>\n<td style=\"width: 123px\"><span style=\"vertical-align: inherit\"><span style=\"vertical-align: inherit\">0,125 a 0,25ml<\/span><\/span><\/td>\n<\/tr>\n<tr>\n<td style=\"width: 293px\"><span style=\"vertical-align: inherit\"><span style=\"vertical-align: inherit\">Lavar ropa de personal<\/span><\/span><\/td>\n<td style=\"width: 95px\"><span style=\"vertical-align: inherit\"><span style=\"vertical-align: inherit\">50 a 80<\/span><\/span><\/td>\n<td style=\"width: 123px\"><span style=\"vertical-align: inherit\"><span style=\"vertical-align: inherit\">0,125 a 0,2 ml<\/span><\/span><\/td>\n<\/tr>\n<tr>\n<td style=\"width: 293px\"><span style=\"vertical-align: inherit\"><span style=\"vertical-align: inherit\">Lavar ropa de personal<\/span><\/span><\/td>\n<td style=\"width: 95px\"><span style=\"vertical-align: inherit\"><span style=\"vertical-align: inherit\">50 a 200<\/span><\/span><\/td>\n<td style=\"width: 123px\"><span style=\"vertical-align: inherit\"><span style=\"vertical-align: inherit\">0,125 a 0,5 ml<\/span><\/span><\/td>\n<\/tr>\n<tr>\n<td style=\"width: 293px\"><span style=\"vertical-align: inherit\"><span style=\"vertical-align: inherit\">Cisternas y tinacos<\/span><\/span><\/td>\n<td style=\"width: 95px\"><span style=\"vertical-align: inherit\"><span style=\"vertical-align: inherit\">200 a 600<\/span><\/span><\/td>\n<td style=\"width: 123px\"><span style=\"vertical-align: inherit\"><span style=\"vertical-align: inherit\">0,5 a 1,5 ml<\/span><\/span><\/td>\n<\/tr>\n<tr>\n<td style=\"width: 293px\"><span style=\"vertical-align: inherit\"><span style=\"vertical-align: inherit\">Herramienta en general<\/span><\/span><\/td>\n<td style=\"width: 95px\"><span style=\"vertical-align: inherit\"><span style=\"vertical-align: inherit\">200 a 400<\/span><\/span><\/td>\n<td style=\"width: 123px\"><span style=\"vertical-align: inherit\"><span style=\"vertical-align: inherit\">0,5 a 1ml<\/span><\/span><\/td>\n<\/tr>\n<tr>\n<td style=\"width: 293px\"><span style=\"vertical-align: inherit\"><span style=\"vertical-align: inherit\">Lavado de manos en acceso a antesala<\/span><\/span><\/td>\n<td style=\"width: 95px\"><span style=\"vertical-align: inherit\"><span style=\"vertical-align: inherit\">100 a 200<\/span><\/span><\/td>\n<td style=\"width: 123px\"><span style=\"vertical-align: inherit\"><span style=\"vertical-align: inherit\">0,25 a 0,5 ml<\/span><\/span><\/td>\n<\/tr>\n<tr>\n<td style=\"width: 293px\"><span style=\"vertical-align: inherit\"><span style=\"vertical-align: inherit\">En embalses<\/span><\/span><\/td>\n<td style=\"width: 95px\"><span style=\"vertical-align: inherit\"><span style=\"vertical-align: inherit\">400 a 600<\/span><\/span><\/td>\n<td style=\"width: 123px\"><span style=\"vertical-align: inherit\"><span style=\"vertical-align: inherit\">1 a 1,5ml<\/span><\/span><\/td>\n<\/tr>\n<tr>\n<td style=\"width: 293px\"><span style=\"vertical-align: inherit\"><span style=\"vertical-align: inherit\">agua de riego<\/span><\/span><\/td>\n<td style=\"width: 95px\"><span style=\"vertical-align: inherit\"><span style=\"vertical-align: inherit\">10 a 50<\/span><\/span><\/td>\n<td style=\"width: 123px\"><span style=\"vertical-align: inherit\"><span style=\"vertical-align: inherit\">0,025 a 0,125ml<\/span><\/span><\/td>\n<\/tr>\n<tr>\n<td style=\"width: 293px\"><span style=\"vertical-align: inherit\"><span style=\"vertical-align: inherit\">Invernadero (estructuras, pl\u00e1sticos, mallas, cristales y equipos instalados)<\/span><\/span><\/td>\n<td style=\"width: 95px\"><span style=\"vertical-align: inherit\"><span style=\"vertical-align: inherit\">400 a 1000<\/span><\/span><\/td>\n<td style=\"width: 123px\"><span style=\"vertical-align: inherit\"><span style=\"vertical-align: inherit\">1 a 2,5ml<\/span><\/span><\/td>\n<\/tr>\n<tr>\n<td style=\"width: 293px\"><span style=\"vertical-align: inherit\"><span style=\"vertical-align: inherit\">Paneles de enfriamiento<\/span><\/span><\/td>\n<td style=\"width: 95px\"><span style=\"vertical-align: inherit\"><span style=\"vertical-align: inherit\">50 a 100<\/span><\/span><\/td>\n<td style=\"width: 123px\"><span style=\"vertical-align: inherit\"><span style=\"vertical-align: inherit\">0,125 a 0,25ml<\/span><\/span><\/td>\n<\/tr>\n<tr>\n<td style=\"width: 293px\"><span style=\"vertical-align: inherit\"><span style=\"vertical-align: inherit\">Charolas para germinar semillas<\/span><\/span><\/td>\n<td style=\"width: 95px\"><span style=\"vertical-align: inherit\"><span style=\"vertical-align: inherit\">50 a 200<\/span><\/span><\/td>\n<td style=\"width: 123px\"><span style=\"vertical-align: inherit\"><span style=\"vertical-align: inherit\">0,125 a 0,5 ml<\/span><\/span><\/td>\n<\/tr>\n<tr>\n<td style=\"width: 293px\"><span style=\"vertical-align: inherit\"><span style=\"vertical-align: inherit\">Macetas con problemas de hongos<\/span><\/span><\/td>\n<td style=\"width: 95px\"><span style=\"vertical-align: inherit\"><span style=\"vertical-align: inherit\">200 a 800<\/span><\/span><\/td>\n<td style=\"width: 123px\"><span style=\"vertical-align: inherit\"><span style=\"vertical-align: inherit\">0,5 a 2ml<\/span><\/span><\/td>\n<\/tr>\n<tr>\n<td style=\"width: 293px\"><span style=\"vertical-align: inherit\"><span style=\"vertical-align: inherit\">Macetas con problemas de bacterias.<\/span><\/span><\/td>\n<td style=\"width: 95px\"><span style=\"vertical-align: inherit\"><span style=\"vertical-align: inherit\">200 a 800<\/span><\/span><\/td>\n<td style=\"width: 123px\"><span style=\"vertical-align: inherit\"><span style=\"vertical-align: inherit\">0,5 a 2ml<\/span><\/span><\/td>\n<\/tr>\n<\/tbody>\n<\/table>\n","protected":false},"excerpt":{"rendered":"<p><span style=\"vertical-align: inherit\"><span style=\"vertical-align: inherit\">CLEAN HUNTER\u00ae, por su efectividad, estabilidad, amigable con el ambiente y biodegradable, se sugiere como desinfectante en:<\/span><\/span><\/p>\n<ul>\n<li><span style=\"vertical-align: inherit\"><span style=\"vertical-align: inherit\">Desinfecci\u00f3n de unidades agropecuarias como granjas porcinas e invernaderos.<\/span><\/span><\/li>\n<li><span style=\"vertical-align: inherit\"><span style=\"vertical-align: inherit\">Medios de transporte: terminales de transporte, barcos, embarcaderos, tr\u00e1ileres, camiones, autom\u00f3viles, autobuses, trenes, terminales a\u00e9reas, aviones, casas rodantes, cajas secas y cajas refrigeradas.<\/span><\/span><\/li>\n<li><span style=\"vertical-align: inherit\"><span style=\"vertical-align: inherit\">Instalaciones de procesamiento o consumo de alimentos: Utensilios de restaurantes, cocinas, cafeter\u00edas, plantas procesadoras de alimentos.<\/span><\/span><\/li>\n<li><span style=\"vertical-align: inherit\"><span style=\"vertical-align: inherit\">Instalaciones institucionales: escuelas, oficinas, guarder\u00edas, centros de belleza, lavander\u00edas, hoteles, etc.<\/span><\/span><\/li>\n<li><span style=\"vertical-align: inherit\"><span style=\"vertical-align: inherit\">Instalaciones agroindustriales e industriales: Todo tipo de herramientas y equipos involucrados en los procesos de selecci\u00f3n, transformaci\u00f3n, empaque y almacenamiento de los productos agr\u00edcolas.<\/span><\/span><\/li>\n<li><span style=\"vertical-align: inherit\"><span style=\"vertical-align: inherit\">Desinfecci\u00f3n de hospitales: equipos m\u00e9dicos, instrumental quir\u00fargico, instalaciones de enfermer\u00eda, consultorios m\u00e9dicos, unidades m\u00f3viles de apoyo.<\/span><\/span><\/li>\n<\/ul>\n<p><span style=\"vertical-align: inherit\"><span style=\"vertical-align: inherit\">PRESENTACIONES DISPONIBLES: 120 ML, 1, 5 Y 20 LT<\/span><\/span><\/p>\n","protected":false},"featured_media":1906,"template":"","meta":{"site-sidebar-layout":"default","site-content-layout":"","ast-site-content-layout":"default","site-content-style":"default","site-sidebar-style":"default","ast-global-header-display":"","ast-banner-title-visibility":"","ast-main-header-display":"","ast-hfb-above-header-display":"","ast-hfb-below-header-display":"","ast-hfb-mobile-header-display":"","site-post-title":"","ast-breadcrumbs-content":"","ast-featured-img":"","footer-sml-layout":"","theme-transparent-header-meta":"default","adv-header-id-meta":"","stick-header-meta":"","header-above-stick-meta":"","header-main-stick-meta":"","header-below-stick-meta":"","astra-migrate-meta-layouts":"set","ast-page-background-enabled":"default","ast-page-background-meta":{"desktop":{"background-color":"","background-image":"","background-repeat":"repeat","background-position":"center center","background-size":"auto","background-attachment":"scroll","background-type":"","background-media":"","overlay-type":"","overlay-color":"","overlay-opacity":"","overlay-gradient":""},"tablet":{"background-color":"","background-image":"","background-repeat":"repeat","background-position":"center center","background-size":"auto","background-attachment":"scroll","background-type":"","background-media":"","overlay-type":"","overlay-color":"","overlay-opacity":"","overlay-gradient":""},"mobile":{"background-color":"","background-image":"","background-repeat":"repeat","background-position":"center center","background-size":"auto","background-attachment":"scroll","background-type":"","background-media":"","overlay-type":"","overlay-color":"","overlay-opacity":"","overlay-gradient":""}},"ast-content-background-meta":{"desktop":{"background-color":"var(--ast-global-color-5)","background-image":"","background-repeat":"repeat","background-position":"center center","background-size":"auto","background-attachment":"scroll","background-type":"","background-media":"","overlay-type":"","overlay-color":"","overlay-opacity":"","overlay-gradient":""},"tablet":{"background-color":"var(--ast-global-color-5)","background-image":"","background-repeat":"repeat","background-position":"center center","background-size":"auto","background-attachment":"scroll","background-type":"","background-media":"","overlay-type":"","overlay-color":"","overlay-opacity":"","overlay-gradient":""},"mobile":{"background-color":"var(--ast-global-color-5)","background-image":"","background-repeat":"repeat","background-position":"center center","background-size":"auto","background-attachment":"scroll","background-type":"","background-media":"","overlay-type":"","overlay-color":"","overlay-opacity":"","overlay-gradient":""}},"_joinchat":[]},"product_brand":[],"product_cat":[64],"product_tag":[132,133,134,135],"class_list":{"0":"post-1845","1":"product","2":"type-product","3":"status-publish","4":"has-post-thumbnail","6":"product_cat-bioseguridad-e-inseminacion","7":"product_tag-cuaternario","8":"product_tag-desinfectante","9":"product_tag-organico","10":"product_tag-sales","11":"desktop-align-left","12":"tablet-align-left","13":"mobile-align-left","15":"first","16":"onbackorder","17":"shipping-taxable","18":"product-type-simple"},"_links":{"self":[{"href":"https:\/\/ipasa.com.mx\/index.php\/wp-json\/wp\/v2\/product\/1845","targetHints":{"allow":["GET"]}}],"collection":[{"href":"https:\/\/ipasa.com.mx\/index.php\/wp-json\/wp\/v2\/product"}],"about":[{"href":"https:\/\/ipasa.com.mx\/index.php\/wp-json\/wp\/v2\/types\/product"}],"wp:featuredmedia":[{"embeddable":true,"href":"https:\/\/ipasa.com.mx\/index.php\/wp-json\/wp\/v2\/media\/1906"}],"wp:attachment":[{"href":"https:\/\/ipasa.com.mx\/index.php\/wp-json\/wp\/v2\/media?parent=1845"}],"wp:term":[{"taxonomy":"product_brand","embeddable":true,"href":"https:\/\/ipasa.com.mx\/index.php\/wp-json\/wp\/v2\/product_brand?post=1845"},{"taxonomy":"product_cat","embeddable":true,"href":"https:\/\/ipasa.com.mx\/index.php\/wp-json\/wp\/v2\/product_cat?post=1845"},{"taxonomy":"product_tag","embeddable":true,"href":"https:\/\/ipasa.com.mx\/index.php\/wp-json\/wp\/v2\/product_tag?post=1845"}],"curies":[{"name":"wp","href":"https:\/\/api.w.org\/{rel}","templated":true}]}}