{"id":1824,"date":"2023-10-25T15:56:21","date_gmt":"2023-10-25T15:56:21","guid":{"rendered":"https:\/\/ipasa.com.mx\/?post_type=product&#038;p=1824"},"modified":"2026-04-07T19:50:25","modified_gmt":"2026-04-07T19:50:25","slug":"piso-plastico-ipasa-40-x-60-cm-reforzado","status":"publish","type":"product","link":"https:\/\/ipasa.com.mx\/index.php\/product\/piso-plastico-ipasa-40-x-60-cm-reforzado\/","title":{"rendered":"Piso pl\u00e1stico IPASA 40 x 60 cm reforzado"},"content":{"rendered":"<p><span style=\"margin: 0px;color: #666666;quot',serif;font-size: 10.5pt\">Caracter\u00edsticas:<\/span><\/p>\n<ul type=\"disc\">\n<li style=\"margin: 0px;color: #666666;quot',serif;font-size: 10.5pt;font-style: normal;font-weight: 400\"><span style=\"margin: 0px;quot',serif;font-size: 10.5pt\">Producto Nacional, HECHO EN MEXICO<\/span><\/li>\n<li style=\"margin: 0px;color: #666666;quot',serif;font-size: 10.5pt;font-style: normal;font-weight: 400\"><span style=\"margin: 0px;quot',serif;font-size: 10.5pt\">F\u00e1cil y r\u00e1pida instalaci\u00f3n.<\/span><\/li>\n<li style=\"margin: 0px;color: #666666;quot',serif;font-size: 10.5pt;font-style: normal;font-weight: 400\"><span style=\"margin: 0px;quot',serif;font-size: 10.5pt\">No contiene pl\u00e1stico reciclado.<\/span><\/li>\n<li style=\"margin: 0px;color: #666666;quot',serif;font-size: 10.5pt;font-style: normal;font-weight: 400\"><span style=\"margin: 0px;quot',serif;font-size: 10.5pt\">Excelente tracci\u00f3n, dise\u00f1o con acanalado alto y bajo.<\/span><\/li>\n<li style=\"margin: 0px;color: #666666;quot',serif;font-size: 10.5pt;font-style: normal;font-weight: 400\"><span style=\"margin: 0px;quot',serif;font-size: 10.5pt\">Limpieza r\u00e1pida: Espacios abiertos de 1 cm de ancho que equivalen al 50 % de la superficie abierta para un f\u00e1cil drenado del esti\u00e9rcol.<\/span><\/li>\n<li style=\"margin: 0px;color: #666666;quot',serif;font-size: 10.5pt;font-style: normal;font-weight: 400\"><span style=\"margin: 0px;quot',serif;font-size: 10.5pt\">Puede fijarse tanto en soportes con pletina de fibra de vidrio, como en soleras met\u00e1licas (de preferencia galvanizadas para evitar corrosi\u00f3n y oxidaci\u00f3n).<\/span><\/li>\n<li style=\"margin: 0px;color: #666666;quot',serif;font-size: 10.5pt;font-style: normal;font-weight: 400\"><span style=\"margin: 0px;quot',serif;font-size: 10.5pt\">Brinda una superficie t\u00e9rmica debido a que mantiene el calor corporal a los cerdos.<\/span><\/li>\n<li style=\"margin: 0px;color: #666666;quot',serif;font-size: 10.5pt;font-style: normal;font-weight: 400\"><span style=\"margin: 0px;quot',serif;font-size: 10.5pt\">Cuenta con soportes que proporciona una gran firmeza y resistencia.<\/span><\/li>\n<li style=\"margin: 0px;color: #666666;quot',serif;font-size: 10.5pt;font-style: normal;font-weight: 400\"><span style=\"margin: 0px;quot',serif;font-size: 10.5pt\">Debido a su composici\u00f3n qu\u00edmica, no genera ning\u00fan riesgo para la salud de los cerdos.<\/span><\/li>\n<li style=\"margin: 0px;color: #666666;quot',serif;font-size: 10.5pt;font-style: normal;font-weight: 400\"><span style=\"margin: 0px;quot',serif;font-size: 10.5pt\">Dise\u00f1o \u00f3ptimo para el uso en jaulas de cerdos, debido a que proporciona una excelente estabilidad dimensional.<\/span><\/li>\n<\/ul>\n<p>7.4.26 v<\/p>\n","protected":false},"excerpt":{"rendered":"<p><span style=\"margin: 0px;color: #666666;quot',serif;font-size: 10.5pt\">Pieza de piso pl\u00e1stico marca IPASA para cerdas en maternidad, gestaci\u00f3n o cerdos en engorda.<\/span><\/p>\n<p><span style=\"margin: 0px;color: #666666;quot',serif;font-size: 10.5pt\">Dimensiones exactas: 40 x 62.5 cm<\/span><\/p>\n<p><span style=\"margin: 0px;color: #666666;quot',serif;font-size: 10.5pt\">Para montarse en soleras de\u00a01\/4&#8243; de\u00a0espesor. <\/span><\/p>\n<p><span style=\"margin: 0px;color: #666666;quot',serif;font-size: 10.5pt\">Est\u00e1n fabricados con polipropileno virgen de alto impacto, no contienen pl\u00e1stico reciclado.<\/span><\/p>\n<ul>\n<li>PRODUCTO SUJETO A DISPONIBILIDAD. CONSULTE A SU ASESOR COMECIAL O COMUNIQUESE CON NOSOTROS<\/li>\n<\/ul>\n","protected":false},"featured_media":1878,"template":"","meta":{"site-sidebar-layout":"default","site-content-layout":"","ast-site-content-layout":"default","site-content-style":"default","site-sidebar-style":"default","ast-global-header-display":"","ast-banner-title-visibility":"","ast-main-header-display":"","ast-hfb-above-header-display":"","ast-hfb-below-header-display":"","ast-hfb-mobile-header-display":"","site-post-title":"","ast-breadcrumbs-content":"","ast-featured-img":"","footer-sml-layout":"","theme-transparent-header-meta":"default","adv-header-id-meta":"","stick-header-meta":"","header-above-stick-meta":"","header-main-stick-meta":"","header-below-stick-meta":"","astra-migrate-meta-layouts":"set","ast-page-background-enabled":"default","ast-page-background-meta":{"desktop":{"background-color":"","background-image":"","background-repeat":"repeat","background-position":"center center","background-size":"auto","background-attachment":"scroll","background-type":"","background-media":"","overlay-type":"","overlay-color":"","overlay-opacity":"","overlay-gradient":""},"tablet":{"background-color":"","background-image":"","background-repeat":"repeat","background-position":"center center","background-size":"auto","background-attachment":"scroll","background-type":"","background-media":"","overlay-type":"","overlay-color":"","overlay-opacity":"","overlay-gradient":""},"mobile":{"background-color":"","background-image":"","background-repeat":"repeat","background-position":"center center","background-size":"auto","background-attachment":"scroll","background-type":"","background-media":"","overlay-type":"","overlay-color":"","overlay-opacity":"","overlay-gradient":""}},"ast-content-background-meta":{"desktop":{"background-color":"var(--ast-global-color-5)","background-image":"","background-repeat":"repeat","background-position":"center center","background-size":"auto","background-attachment":"scroll","background-type":"","background-media":"","overlay-type":"","overlay-color":"","overlay-opacity":"","overlay-gradient":""},"tablet":{"background-color":"var(--ast-global-color-5)","background-image":"","background-repeat":"repeat","background-position":"center center","background-size":"auto","background-attachment":"scroll","background-type":"","background-media":"","overlay-type":"","overlay-color":"","overlay-opacity":"","overlay-gradient":""},"mobile":{"background-color":"var(--ast-global-color-5)","background-image":"","background-repeat":"repeat","background-position":"center center","background-size":"auto","background-attachment":"scroll","background-type":"","background-media":"","overlay-type":"","overlay-color":"","overlay-opacity":"","overlay-gradient":""}},"_joinchat":[]},"product_brand":[],"product_cat":[122,72],"product_tag":[159,169],"class_list":{"0":"post-1824","1":"product","2":"type-product","3":"status-publish","4":"has-post-thumbnail","6":"product_cat-pisos-marca-ipasa","7":"product_cat-pisos-plasticos","8":"product_tag-slat-para-engorda","9":"product_tag-slat-para-maternidad","10":"desktop-align-left","11":"tablet-align-left","12":"mobile-align-left","14":"first","15":"onbackorder","16":"shipping-taxable","17":"purchasable","18":"product-type-simple"},"_links":{"self":[{"href":"https:\/\/ipasa.com.mx\/index.php\/wp-json\/wp\/v2\/product\/1824","targetHints":{"allow":["GET"]}}],"collection":[{"href":"https:\/\/ipasa.com.mx\/index.php\/wp-json\/wp\/v2\/product"}],"about":[{"href":"https:\/\/ipasa.com.mx\/index.php\/wp-json\/wp\/v2\/types\/product"}],"wp:featuredmedia":[{"embeddable":true,"href":"https:\/\/ipasa.com.mx\/index.php\/wp-json\/wp\/v2\/media\/1878"}],"wp:attachment":[{"href":"https:\/\/ipasa.com.mx\/index.php\/wp-json\/wp\/v2\/media?parent=1824"}],"wp:term":[{"taxonomy":"product_brand","embeddable":true,"href":"https:\/\/ipasa.com.mx\/index.php\/wp-json\/wp\/v2\/product_brand?post=1824"},{"taxonomy":"product_cat","embeddable":true,"href":"https:\/\/ipasa.com.mx\/index.php\/wp-json\/wp\/v2\/product_cat?post=1824"},{"taxonomy":"product_tag","embeddable":true,"href":"https:\/\/ipasa.com.mx\/index.php\/wp-json\/wp\/v2\/product_tag?post=1824"}],"curies":[{"name":"wp","href":"https:\/\/api.w.org\/{rel}","templated":true}]}}