{"id":1751,"date":"2023-10-25T15:54:41","date_gmt":"2023-10-25T15:54:41","guid":{"rendered":"https:\/\/ipasa.com.mx\/?post_type=product&#038;p=1751"},"modified":"2024-02-28T04:23:01","modified_gmt":"2024-02-28T04:23:01","slug":"asador-ahumador-ipasa-en-forma-de-puerco","status":"publish","type":"product","link":"https:\/\/ipasa.com.mx\/index.php\/product\/asador-ahumador-ipasa-en-forma-de-puerco\/","title":{"rendered":"Asador ahumador IPASA en forma de puerco"},"content":{"rendered":"<p>Horno ahumador en forma de cerdo &#8220;JUNIOR&#8221;, fabricado en lamina de acero al carb\u00f3n calibre 12, cuenta con una parrilla de 35 x 75 cm de redondo pulido de 1\/4&#8243; en acero al carb\u00f3n. Compartimento externo para el carb\u00f3n o le\u00f1a, desalojador de aceites y jugos al exterior y ventilas abatibles para aireaci\u00f3n del asador, cuenta con juego de 4 patas de tubo, acabado en esmalte negro con una franja blanca, las dimensiones dela asador son: Largo 1.4cm, altura 1.10cm y ancho 0.35cm; pesa 47 Kgs<\/p>\n","protected":false},"excerpt":{"rendered":"<ul>\n<li><span style=\"vertical-align: inherit\"><span style=\"vertical-align: inherit\">Sistema de calor compartido.<\/span><\/span><\/li>\n<li><span style=\"vertical-align: inherit\"><span style=\"vertical-align: inherit\">No reseca las Carnes.<\/span><\/span><\/li>\n<li><span style=\"vertical-align: inherit\"><span style=\"vertical-align: inherit\">Ingenioso sistema en la ventilaci\u00f3n, evita el humo excesivo y hace Arder al carb\u00f3n \u00f3 le\u00f1a con rapidez.<\/span><\/span><\/li>\n<li><span style=\"vertical-align: inherit\"><span style=\"vertical-align: inherit\">Compartimiento externo para carb\u00f3n.<\/span><\/span><\/li>\n<li><span style=\"vertical-align: inherit\"><span style=\"vertical-align: inherit\">F\u00e1cil manejo en diferentes tipos de pisos.<\/span><\/span><\/li>\n<li><span style=\"vertical-align: inherit\"><span style=\"vertical-align: inherit\">Mayor durabilidad por su combinaci\u00f3n en los materiales.<\/span><\/span><\/li>\n<li>Dimensiones Generales de los Asadores Ahumador IPASA:\n<p>J\u00daNIOR<\/p>\n<ul>\n<li>140cm. de largo<\/li>\n<li>35cm. de ancho<\/li>\n<li>110cm. de altura<\/li>\n<li>Parrilla de 35 X 75 cm.<\/li>\n<\/ul>\n<p>&nbsp;<\/p>\n<p>EST\u00c1NDAR<\/p>\n<ul>\n<li>200cm. de largo<\/li>\n<li>55cm. de ancho<\/li>\n<li>105cm. de altura<\/li>\n<li>Parrilla de 48 X 102 cm.<\/li>\n<\/ul>\n<p>&nbsp;<\/p>\n<p>JUMBO<\/p>\n<ul>\n<li>310cm. de largo<\/li>\n<li>50cm. de ancho<\/li>\n<li>110cm. de altura<\/li>\n<li>Parrilla de 50 X 110 cm.<\/li>\n<\/ul>\n<\/li>\n<li><span style=\"vertical-align: inherit\"><span style=\"vertical-align: inherit\">Libre de filos y aristas para evitar heridas.<\/span><\/span><\/li>\n<li><span style=\"vertical-align: inherit\"><span style=\"vertical-align: inherit\">Disponible en tres tama\u00f1os diferentes a elegir.<\/span><\/span><\/li>\n<\/ul>\n<p><span style=\"vertical-align: inherit\"><span style=\"vertical-align: inherit\">10.11v<\/span><\/span><\/p>\n","protected":false},"featured_media":1810,"template":"","meta":{"site-sidebar-layout":"default","site-content-layout":"","ast-site-content-layout":"default","site-content-style":"default","site-sidebar-style":"default","ast-global-header-display":"","ast-banner-title-visibility":"","ast-main-header-display":"","ast-hfb-above-header-display":"","ast-hfb-below-header-display":"","ast-hfb-mobile-header-display":"","site-post-title":"","ast-breadcrumbs-content":"","ast-featured-img":"","footer-sml-layout":"","theme-transparent-header-meta":"default","adv-header-id-meta":"","stick-header-meta":"","header-above-stick-meta":"","header-main-stick-meta":"","header-below-stick-meta":"","astra-migrate-meta-layouts":"set","ast-page-background-enabled":"default","ast-page-background-meta":{"desktop":{"background-color":"","background-image":"","background-repeat":"repeat","background-position":"center center","background-size":"auto","background-attachment":"scroll","background-type":"","background-media":"","overlay-type":"","overlay-color":"","overlay-opacity":"","overlay-gradient":""},"tablet":{"background-color":"","background-image":"","background-repeat":"repeat","background-position":"center center","background-size":"auto","background-attachment":"scroll","background-type":"","background-media":"","overlay-type":"","overlay-color":"","overlay-opacity":"","overlay-gradient":""},"mobile":{"background-color":"","background-image":"","background-repeat":"repeat","background-position":"center center","background-size":"auto","background-attachment":"scroll","background-type":"","background-media":"","overlay-type":"","overlay-color":"","overlay-opacity":"","overlay-gradient":""}},"ast-content-background-meta":{"desktop":{"background-color":"var(--ast-global-color-5)","background-image":"","background-repeat":"repeat","background-position":"center center","background-size":"auto","background-attachment":"scroll","background-type":"","background-media":"","overlay-type":"","overlay-color":"","overlay-opacity":"","overlay-gradient":""},"tablet":{"background-color":"var(--ast-global-color-5)","background-image":"","background-repeat":"repeat","background-position":"center center","background-size":"auto","background-attachment":"scroll","background-type":"","background-media":"","overlay-type":"","overlay-color":"","overlay-opacity":"","overlay-gradient":""},"mobile":{"background-color":"var(--ast-global-color-5)","background-image":"","background-repeat":"repeat","background-position":"center center","background-size":"auto","background-attachment":"scroll","background-type":"","background-media":"","overlay-type":"","overlay-color":"","overlay-opacity":"","overlay-gradient":""}},"_joinchat":[]},"product_brand":[],"product_cat":[106],"product_tag":[112,113,114,115,116,117],"class_list":{"0":"post-1751","1":"product","2":"type-product","3":"status-publish","4":"has-post-thumbnail","6":"product_cat-hornos-y-asadores","7":"product_tag-asado-tipo-puerco","8":"product_tag-asador-cerdo","9":"product_tag-asador-en-forma-de-puerco","10":"product_tag-parrilla-para-ahumar-carne","11":"product_tag-parrilla-para-asar","12":"product_tag-quemadores","13":"desktop-align-left","14":"tablet-align-left","15":"mobile-align-left","17":"first","18":"onbackorder","19":"shipping-taxable","20":"purchasable","21":"product-type-simple"},"_links":{"self":[{"href":"https:\/\/ipasa.com.mx\/index.php\/wp-json\/wp\/v2\/product\/1751","targetHints":{"allow":["GET"]}}],"collection":[{"href":"https:\/\/ipasa.com.mx\/index.php\/wp-json\/wp\/v2\/product"}],"about":[{"href":"https:\/\/ipasa.com.mx\/index.php\/wp-json\/wp\/v2\/types\/product"}],"wp:featuredmedia":[{"embeddable":true,"href":"https:\/\/ipasa.com.mx\/index.php\/wp-json\/wp\/v2\/media\/1810"}],"wp:attachment":[{"href":"https:\/\/ipasa.com.mx\/index.php\/wp-json\/wp\/v2\/media?parent=1751"}],"wp:term":[{"taxonomy":"product_brand","embeddable":true,"href":"https:\/\/ipasa.com.mx\/index.php\/wp-json\/wp\/v2\/product_brand?post=1751"},{"taxonomy":"product_cat","embeddable":true,"href":"https:\/\/ipasa.com.mx\/index.php\/wp-json\/wp\/v2\/product_cat?post=1751"},{"taxonomy":"product_tag","embeddable":true,"href":"https:\/\/ipasa.com.mx\/index.php\/wp-json\/wp\/v2\/product_tag?post=1751"}],"curies":[{"name":"wp","href":"https:\/\/api.w.org\/{rel}","templated":true}]}}