{"id":1750,"date":"2023-10-25T15:54:41","date_gmt":"2023-10-25T15:54:41","guid":{"rendered":"https:\/\/ipasa.com.mx\/?post_type=product&#038;p=1750"},"modified":"2023-10-25T15:55:57","modified_gmt":"2023-10-25T15:55:57","slug":"caja-china-con-asador-tipo-argentino-version-equipada","status":"publish","type":"product","link":"https:\/\/ipasa.com.mx\/index.php\/product\/caja-china-con-asador-tipo-argentino-version-equipada\/","title":{"rendered":"Caja China con asador tipo argentino VERSION EQUIPADA"},"content":{"rendered":"<p style=\"margin: 0cm; margin-bottom: .0001pt; line-height: 14.4pt; background: white;\"><span style=\"background: white;\">Horno \u201cCaja China\u201d IPASA Est\u00e1ndar en medidas 60 cm ancho, largo 122 cm y alto 60 cm, con cuerpo en acero inoxidable en su interior y forrado con madera de 19 mm se encuentra equipada con:<\/span><\/p>\n<ul>\n<li style=\"margin: 0cm; margin-bottom: .0001pt; line-height: 14.4pt; background: white;\"><span style=\"background: white;\">Cuatro extensiones para soportar o colocar charolas calientes fabricados en PTR de 1\u201d galvanizados por el m\u00e9todo de inmersi\u00f3n.<\/span><\/li>\n<li style=\"margin: 0cm; margin-bottom: .0001pt; line-height: 14.4pt; background: white;\"><span style=\"background: white;\">Dos llantas para su movilidad con rodado embalado de 6\u201d y ejes en redondo de 3\/4\u201d galvanizados por inmersi\u00f3n.<\/span><\/li>\n<li style=\"margin: 0cm; margin-bottom: .0001pt; line-height: 14.4pt; background: white;\"><span style=\"background: white;\">Un Asador tipo Argentino con parrilla de 51 cm por 112 cm y \u00e1ngulos a desnivel para que fluya la grasa en acero inoxidable calidad 304 cuenta tambi\u00e9n con sistema de elevaci\u00f3n y base tipo cremallera fabricada en \u00e1ngulo de 1&#8243; x 1\/4&#8243;, PTR 1&#8243; x 1\/4&#8243; y PTR de 1&#8243;.<\/span><\/li>\n<li style=\"margin: 0cm; margin-bottom: .0001pt; line-height: 14.4pt; background: white;\"><span style=\"background: white;\">Una Charola para cenizas con ganchos redondo de \u00bc\u201d en acero inoxidable cal. 18 calidad 304, dimensiones de ancho 55 cm y largo 106.5 cm.<\/span><\/li>\n<li style=\"margin: 0cm; margin-bottom: .0001pt; line-height: 14.4pt; background: white;\"><span style=\"background: white;\">Una Charola para carb\u00f3n con agarraderas fabricada en un marco de \u00e1ngulo en acero inoxidable, metal desplegado y refuerzos de redondo de \u00bc\u201d en acero al carb\u00f3n, dimensiones de ancho 52 cm y largo 101 cm<\/span><\/li>\n<li style=\"margin: 0cm; margin-bottom: .0001pt; line-height: 14.4pt; background: white;\"><span style=\"background: white;\">Una Charola para grasas \u00f3 para hornear cochinita pibil<\/span> con dimensiones de alto 13 cm, ancho 48 cm y largo 99 cm, con capacidad de 60 litros o 20 kilos de cochinita.<\/li>\n<li style=\"margin: 0cm; margin-bottom: .0001pt; line-height: 14.4pt; background: white;\"><span style=\"background: white;\">Una Charola para presentar el lech\u00f3n o tapar charola de grasa (tambi\u00e9n sirve como charola para hornear pizza) en acero inoxidable cal. 18 y redondo de 5\/16\u201d calidad 304, dimensiones de ancho 49 cm y largo 99 cm<\/span><\/li>\n<li style=\"margin: 0cm; margin-bottom: .0001pt; line-height: 14.4pt; background: white;\"><span style=\"background: white;\">Una Prensa para sujetar lechones o cabrito que consta de dos parrillas construidas en redondo de \u00bc\u201d y 5\/16\u201d en acero inoxidable calidad 304 equipada con juego de ganchos \u201cS\u201d (cuatro dobles), dimensiones de alto 6.8 cm, ancho 37 cm y largo 76.5 cm.<\/span><\/li>\n<li style=\"margin: 0cm; margin-bottom: .0001pt; line-height: 14.4pt; background: white;\"><span style=\"background: white;\">Una Parrilla-Elevador en acero inoxidable calidad 304 para hornear cortes con dos alturas, una de 13.5 cm y otra de 6.5 cm, dimensiones de ancho 43 cm y largo 95 cm<\/span><\/li>\n<li style=\"margin: 0cm; margin-bottom: .0001pt; line-height: 14.4pt; background: white;\"><span style=\"background: white;\">Un Term\u00f3metro exterior de 300\u00ba C<\/span><\/li>\n<li style=\"margin: 0cm; margin-bottom: .0001pt; line-height: 14.4pt; background: white;\"><span style=\"background: white;\">Un Tubo para encendido de carb\u00f3n, fabricado en chapa met\u00e1lica cal. 14 y redondo de \u00bc\u201d, equipado con mango de madera, dimensiones de di\u00e1metro 20 cm y alto 40 cm<\/span><\/li>\n<li style=\"margin: 0cm; margin-bottom: .0001pt; line-height: 14.4pt; background: white;\"><span style=\"background: white;\">Dos pares de guantes de carnaza forrados para manejar charolas calientes.<\/span><\/li>\n<li style=\"margin: 0cm; margin-bottom: .0001pt; line-height: 14.4pt; background: white;\"><span style=\"background: white;\">Un remover de carb\u00f3n con mango de madera de 50 cm de largo.<\/span><\/li>\n<\/ul>\n","protected":false},"excerpt":{"rendered":"<p style=\"margin: 0cm; margin-bottom: .0001pt; line-height: 14.4pt; background: white;\"><span style=\"font-size: 14.0pt; font-family: 'Arial Black'; color: #555555;\">Una caja china es un horno- parrilla port\u00e1til que funciona a base de carb\u00f3n o le\u00f1a, compuesta con una tina hecha en acero inoxidable forrada con madera.<\/span><\/p>\n<p style=\"margin: 0cm; margin-bottom: .0001pt; line-height: 14.4pt; background: white; text-align: start;\"><span style=\"font-size: 14.0pt; font-family: 'Arial Black'; color: #555555;\">Es un utensilio en la cocina muy pr\u00e1ctico, es tambi\u00e9n de f\u00e1cil uso ya que solo es cuesti\u00f3n de prender las brazas en la reja de carb\u00f3n, dejar calentar un poco, introducir su carne o producto a cocer, tapar con la charola y seguir las instrucciones de su receta.<\/span><\/p>\n<p>01.08.2022<\/p>\n","protected":false},"featured_media":1781,"template":"","meta":{"site-sidebar-layout":"default","site-content-layout":"","ast-site-content-layout":"default","site-content-style":"default","site-sidebar-style":"default","ast-global-header-display":"","ast-banner-title-visibility":"","ast-main-header-display":"","ast-hfb-above-header-display":"","ast-hfb-below-header-display":"","ast-hfb-mobile-header-display":"","site-post-title":"","ast-breadcrumbs-content":"","ast-featured-img":"","footer-sml-layout":"","theme-transparent-header-meta":"","adv-header-id-meta":"","stick-header-meta":"","header-above-stick-meta":"","header-main-stick-meta":"","header-below-stick-meta":"","astra-migrate-meta-layouts":"default","ast-page-background-enabled":"default","ast-page-background-meta":{"desktop":{"background-color":"","background-image":"","background-repeat":"repeat","background-position":"center center","background-size":"auto","background-attachment":"scroll","background-type":"","background-media":"","overlay-type":"","overlay-color":"","overlay-opacity":"","overlay-gradient":""},"tablet":{"background-color":"","background-image":"","background-repeat":"repeat","background-position":"center center","background-size":"auto","background-attachment":"scroll","background-type":"","background-media":"","overlay-type":"","overlay-color":"","overlay-opacity":"","overlay-gradient":""},"mobile":{"background-color":"","background-image":"","background-repeat":"repeat","background-position":"center center","background-size":"auto","background-attachment":"scroll","background-type":"","background-media":"","overlay-type":"","overlay-color":"","overlay-opacity":"","overlay-gradient":""}},"ast-content-background-meta":{"desktop":{"background-color":"var(--ast-global-color-5)","background-image":"","background-repeat":"repeat","background-position":"center center","background-size":"auto","background-attachment":"scroll","background-type":"","background-media":"","overlay-type":"","overlay-color":"","overlay-opacity":"","overlay-gradient":""},"tablet":{"background-color":"var(--ast-global-color-5)","background-image":"","background-repeat":"repeat","background-position":"center center","background-size":"auto","background-attachment":"scroll","background-type":"","background-media":"","overlay-type":"","overlay-color":"","overlay-opacity":"","overlay-gradient":""},"mobile":{"background-color":"var(--ast-global-color-5)","background-image":"","background-repeat":"repeat","background-position":"center center","background-size":"auto","background-attachment":"scroll","background-type":"","background-media":"","overlay-type":"","overlay-color":"","overlay-opacity":"","overlay-gradient":""}},"_joinchat":[]},"product_brand":[],"product_cat":[106],"product_tag":[107,108,109,110,111],"class_list":{"0":"post-1750","1":"product","2":"type-product","3":"status-publish","4":"has-post-thumbnail","6":"product_cat-hornos-y-asadores","7":"product_tag-asador-chino","8":"product_tag-asador-de-cerdo","9":"product_tag-caja-china","10":"product_tag-horno-chino","11":"product_tag-horno-cubano","12":"desktop-align-left","13":"tablet-align-left","14":"mobile-align-left","16":"first","17":"instock","18":"shipping-taxable","19":"purchasable","20":"product-type-simple"},"_links":{"self":[{"href":"https:\/\/ipasa.com.mx\/index.php\/wp-json\/wp\/v2\/product\/1750","targetHints":{"allow":["GET"]}}],"collection":[{"href":"https:\/\/ipasa.com.mx\/index.php\/wp-json\/wp\/v2\/product"}],"about":[{"href":"https:\/\/ipasa.com.mx\/index.php\/wp-json\/wp\/v2\/types\/product"}],"wp:featuredmedia":[{"embeddable":true,"href":"https:\/\/ipasa.com.mx\/index.php\/wp-json\/wp\/v2\/media\/1781"}],"wp:attachment":[{"href":"https:\/\/ipasa.com.mx\/index.php\/wp-json\/wp\/v2\/media?parent=1750"}],"wp:term":[{"taxonomy":"product_brand","embeddable":true,"href":"https:\/\/ipasa.com.mx\/index.php\/wp-json\/wp\/v2\/product_brand?post=1750"},{"taxonomy":"product_cat","embeddable":true,"href":"https:\/\/ipasa.com.mx\/index.php\/wp-json\/wp\/v2\/product_cat?post=1750"},{"taxonomy":"product_tag","embeddable":true,"href":"https:\/\/ipasa.com.mx\/index.php\/wp-json\/wp\/v2\/product_tag?post=1750"}],"curies":[{"name":"wp","href":"https:\/\/api.w.org\/{rel}","templated":true}]}}