{"id":1682,"date":"2023-10-25T15:53:08","date_gmt":"2023-10-25T15:53:08","guid":{"rendered":"https:\/\/ipasa.com.mx\/?post_type=product&#038;p=1682"},"modified":"2026-02-14T20:11:34","modified_gmt":"2026-02-14T20:11:34","slug":"carro-mezclador-de-forrajes-ipasa","status":"publish","type":"product","link":"https:\/\/ipasa.com.mx\/index.php\/product\/carro-mezclador-de-forrajes-ipasa\/","title":{"rendered":"Carro Mezclador de forrajes ML-1000 H IPASA"},"content":{"rendered":"<p><span style=\"vertical-align: inherit;\">La experiencia y el continuo avance en nuestros dise\u00f1os fijan a los mezcladores IPASA como los mezcladores ideales para la industria ganadera dentro del mercado de la alimentaci\u00f3n uniforme de forrajes en forma r\u00e1pida y completa en un lapso de 10 a 15 minutos dependiendo del tipo de ingredientes.<\/span><\/p>\n<p><span style=\"vertical-align: inherit;\">Realiza el trabajo pesado de mezclar todo tipo de ingredientes forrajeros, incluyendo melaza, medicamentos o suplementos concentrados, mezcla con alto contenido de ma\u00edz y concentrado de urea, la carga del mezclador puede ser en forma manual o mec\u00e1nica tanto en forrajes secos, como en melazas. hasta en un 15% m\u00e1ximo.<\/span><\/p>\n<p>Ventajas:<\/p>\n<ul>\n<li>Mezcla e incorpora melaza a la raci\u00f3n mejorando la palatabilidad, aprovechando otros ingredientes o residuos de cosecha poco palatables (esquilmos).<\/li>\n<li>Optimiza mano de obra y tiempo de distribuci\u00f3n del forraje al ganado.<\/li>\n<li>Proporciona a su ganado una raci\u00f3n equilibrada durante todas las estaciones del a\u00f1o.<\/li>\n<li>Permite un mayor control nutricional de la dieta del ganado.<\/li>\n<li>Los polvos en los forrajes se reducen a\u00f1adiendo melaza liquida hasta en un 15% como m\u00e1ximo.<\/li>\n<li>Contamos con departamento de refacciones y asistencia t\u00e9cnica con env\u00edos a cualquier parte de la rep\u00fablica.<\/li>\n<\/ul>\n<p><span style=\"vertical-align: inherit;\">Este dise\u00f1o reduce en gran parte los requerimientos de tiempo, mano de obra y potencia, lo cual se traduce en un ahorro considerable para el usuario.<\/span><\/p>\n<p><span style=\"vertical-align: inherit;\">PRODUCTO SUJETO A DISPONIBILIDAD. CONSULTE A SU ASESOR COMECIAL O COMUNIQUESE CON NOSOTROS.<\/span><\/p>\n","protected":false},"excerpt":{"rendered":"<p>Remolque Ensilador Melazador y Repartidor de silo, modelo ML-1000-H con capacidad de 3.3 M. c\u00fabicos; fabricado en Chapa de acero calibre 10, flechas de cold roled, gusanos helicoidales en chapa de acero de 4.76 y 6.35 mm de grosor, embalado en sus puntos de apoyo con chumaceras de piso y pared; equipado con rodado neum\u00e1tico tipo alta flotaci\u00f3n 12.5&lt;l-15; Equipo hidr\u00e1ulico para abrir y cerrar la compuerta , Transportador desalojador de cadena para desalojar y servir a los comederos del ganado; transmisi\u00f3n de potencia a base de Sprocketes y cadena de rodillos, caja herm\u00e9tica para guarnecer, transmisi\u00f3n y sistema de seguridad contra atascamientos u objetos extra\u00f1os en el lastre o silo.<\/p>\n<p>&nbsp;<\/p>\n","protected":false},"featured_media":1712,"template":"","meta":{"site-sidebar-layout":"default","site-content-layout":"","ast-site-content-layout":"default","site-content-style":"default","site-sidebar-style":"default","ast-global-header-display":"","ast-banner-title-visibility":"","ast-main-header-display":"","ast-hfb-above-header-display":"","ast-hfb-below-header-display":"","ast-hfb-mobile-header-display":"","site-post-title":"","ast-breadcrumbs-content":"","ast-featured-img":"","footer-sml-layout":"","theme-transparent-header-meta":"default","adv-header-id-meta":"","stick-header-meta":"","header-above-stick-meta":"","header-main-stick-meta":"","header-below-stick-meta":"","astra-migrate-meta-layouts":"set","ast-page-background-enabled":"default","ast-page-background-meta":{"desktop":{"background-color":"","background-image":"","background-repeat":"repeat","background-position":"center center","background-size":"auto","background-attachment":"scroll","background-type":"","background-media":"","overlay-type":"","overlay-color":"","overlay-opacity":"","overlay-gradient":""},"tablet":{"background-color":"","background-image":"","background-repeat":"repeat","background-position":"center center","background-size":"auto","background-attachment":"scroll","background-type":"","background-media":"","overlay-type":"","overlay-color":"","overlay-opacity":"","overlay-gradient":""},"mobile":{"background-color":"","background-image":"","background-repeat":"repeat","background-position":"center center","background-size":"auto","background-attachment":"scroll","background-type":"","background-media":"","overlay-type":"","overlay-color":"","overlay-opacity":"","overlay-gradient":""}},"ast-content-background-meta":{"desktop":{"background-color":"var(--ast-global-color-5)","background-image":"","background-repeat":"repeat","background-position":"center center","background-size":"auto","background-attachment":"scroll","background-type":"","background-media":"","overlay-type":"","overlay-color":"","overlay-opacity":"","overlay-gradient":""},"tablet":{"background-color":"var(--ast-global-color-5)","background-image":"","background-repeat":"repeat","background-position":"center center","background-size":"auto","background-attachment":"scroll","background-type":"","background-media":"","overlay-type":"","overlay-color":"","overlay-opacity":"","overlay-gradient":""},"mobile":{"background-color":"var(--ast-global-color-5)","background-image":"","background-repeat":"repeat","background-position":"center center","background-size":"auto","background-attachment":"scroll","background-type":"","background-media":"","overlay-type":"","overlay-color":"","overlay-opacity":"","overlay-gradient":""}},"_joinchat":[]},"product_brand":[],"product_cat":[46,98],"product_tag":[167],"class_list":{"0":"post-1682","1":"product","2":"type-product","3":"status-publish","4":"has-post-thumbnail","6":"product_cat-division-ganado","7":"product_cat-equipo-ganado-vacuno","8":"product_tag-mezclador-de-forraje","9":"desktop-align-left","10":"tablet-align-left","11":"mobile-align-left","13":"first","14":"onbackorder","15":"shipping-taxable","16":"purchasable","17":"product-type-simple"},"_links":{"self":[{"href":"https:\/\/ipasa.com.mx\/index.php\/wp-json\/wp\/v2\/product\/1682","targetHints":{"allow":["GET"]}}],"collection":[{"href":"https:\/\/ipasa.com.mx\/index.php\/wp-json\/wp\/v2\/product"}],"about":[{"href":"https:\/\/ipasa.com.mx\/index.php\/wp-json\/wp\/v2\/types\/product"}],"wp:featuredmedia":[{"embeddable":true,"href":"https:\/\/ipasa.com.mx\/index.php\/wp-json\/wp\/v2\/media\/1712"}],"wp:attachment":[{"href":"https:\/\/ipasa.com.mx\/index.php\/wp-json\/wp\/v2\/media?parent=1682"}],"wp:term":[{"taxonomy":"product_brand","embeddable":true,"href":"https:\/\/ipasa.com.mx\/index.php\/wp-json\/wp\/v2\/product_brand?post=1682"},{"taxonomy":"product_cat","embeddable":true,"href":"https:\/\/ipasa.com.mx\/index.php\/wp-json\/wp\/v2\/product_cat?post=1682"},{"taxonomy":"product_tag","embeddable":true,"href":"https:\/\/ipasa.com.mx\/index.php\/wp-json\/wp\/v2\/product_tag?post=1682"}],"curies":[{"name":"wp","href":"https:\/\/api.w.org\/{rel}","templated":true}]}}