{"id":1646,"date":"2023-10-25T15:52:44","date_gmt":"2023-10-25T15:52:44","guid":{"rendered":"https:\/\/ipasa.com.mx\/?post_type=product&#038;p=1646"},"modified":"2026-04-07T19:55:10","modified_gmt":"2026-04-07T19:55:10","slug":"piso-ipasa-160x250-juego-plastico-maternidad","status":"publish","type":"product","link":"https:\/\/ipasa.com.mx\/index.php\/product\/piso-ipasa-160x250-juego-plastico-maternidad\/","title":{"rendered":"Piso IPASA\u00ae 160X250 juego pl\u00e1stico maternidad"},"content":{"rendered":"<p>Juego de piso pl\u00e1stico marca IPASA para elevar jaulas en maternidad,\u00a0\u00e1rea que cubre 160 x 250 cm que consta de 8 slats de 40 x 62.5 cm reforzado para el \u00e1rea de la marrana y 8 slats de 40 x 62.5 cm para el \u00e1rea de lechones.<\/p>\n<p>Fabricados con polipropileno virgen de alto impacto (no contiene pl\u00e1stico reciclado).<\/p>\n<p>7.4.26 v<\/p>\n","protected":false},"excerpt":{"rendered":"<ul>\n<li>Producto Nacional, HECHO EN MEXICO<\/li>\n<li>F\u00e1cil y r\u00e1pida instalaci\u00f3n.<\/li>\n<li>No contiene pl\u00e1stico reciclado.<\/li>\n<li>Excelente tracci\u00f3n, dise\u00f1o con acanalado alto y bajo.<\/li>\n<li>Limpieza r\u00e1pida: Espacios abiertos de 1 cm de ancho que equivalen al 50 % de la superficie abierta para un f\u00e1cil drenado del esti\u00e9rcol.<\/li>\n<li>Puede fijarse tanto en soportes con pletina de fibra de vidrio, como en soleras met\u00e1licas (de preferencia galvanizadas para evitar corrosi\u00f3n y oxidaci\u00f3n).<\/li>\n<li>Brinda una superficie t\u00e9rmica debido a que mantiene el calor corporal a los cerdos.<\/li>\n<li>Cuenta con soportes que proporciona una gran firmeza y resistencia.<\/li>\n<li>Debido a su composici\u00f3n qu\u00edmica, no genera ning\u00fan riesgo para la salud de los cerdos.<\/li>\n<li>Dise\u00f1o \u00f3ptimo para el uso en jaulas de cerdos, debido a que proporciona una excelente estabilidad dimensional.<\/li>\n<\/ul>\n","protected":false},"featured_media":1671,"template":"","meta":{"site-sidebar-layout":"default","site-content-layout":"","ast-site-content-layout":"default","site-content-style":"default","site-sidebar-style":"default","ast-global-header-display":"","ast-banner-title-visibility":"","ast-main-header-display":"","ast-hfb-above-header-display":"","ast-hfb-below-header-display":"","ast-hfb-mobile-header-display":"","site-post-title":"","ast-breadcrumbs-content":"","ast-featured-img":"","footer-sml-layout":"","theme-transparent-header-meta":"default","adv-header-id-meta":"","stick-header-meta":"","header-above-stick-meta":"","header-main-stick-meta":"","header-below-stick-meta":"","astra-migrate-meta-layouts":"set","ast-page-background-enabled":"default","ast-page-background-meta":{"desktop":{"background-color":"","background-image":"","background-repeat":"repeat","background-position":"center center","background-size":"auto","background-attachment":"scroll","background-type":"","background-media":"","overlay-type":"","overlay-color":"","overlay-opacity":"","overlay-gradient":""},"tablet":{"background-color":"","background-image":"","background-repeat":"repeat","background-position":"center center","background-size":"auto","background-attachment":"scroll","background-type":"","background-media":"","overlay-type":"","overlay-color":"","overlay-opacity":"","overlay-gradient":""},"mobile":{"background-color":"","background-image":"","background-repeat":"repeat","background-position":"center center","background-size":"auto","background-attachment":"scroll","background-type":"","background-media":"","overlay-type":"","overlay-color":"","overlay-opacity":"","overlay-gradient":""}},"ast-content-background-meta":{"desktop":{"background-color":"var(--ast-global-color-5)","background-image":"","background-repeat":"repeat","background-position":"center center","background-size":"auto","background-attachment":"scroll","background-type":"","background-media":"","overlay-type":"","overlay-color":"","overlay-opacity":"","overlay-gradient":""},"tablet":{"background-color":"var(--ast-global-color-5)","background-image":"","background-repeat":"repeat","background-position":"center center","background-size":"auto","background-attachment":"scroll","background-type":"","background-media":"","overlay-type":"","overlay-color":"","overlay-opacity":"","overlay-gradient":""},"mobile":{"background-color":"var(--ast-global-color-5)","background-image":"","background-repeat":"repeat","background-position":"center center","background-size":"auto","background-attachment":"scroll","background-type":"","background-media":"","overlay-type":"","overlay-color":"","overlay-opacity":"","overlay-gradient":""}},"_joinchat":[]},"product_brand":[],"product_cat":[71,72],"product_tag":[],"class_list":{"0":"post-1646","1":"product","2":"type-product","3":"status-publish","4":"has-post-thumbnail","6":"product_cat-pisos-y-tapetes","7":"product_cat-pisos-plasticos","8":"desktop-align-left","9":"tablet-align-left","10":"mobile-align-left","12":"first","13":"onbackorder","14":"shipping-taxable","15":"purchasable","16":"product-type-simple"},"_links":{"self":[{"href":"https:\/\/ipasa.com.mx\/index.php\/wp-json\/wp\/v2\/product\/1646","targetHints":{"allow":["GET"]}}],"collection":[{"href":"https:\/\/ipasa.com.mx\/index.php\/wp-json\/wp\/v2\/product"}],"about":[{"href":"https:\/\/ipasa.com.mx\/index.php\/wp-json\/wp\/v2\/types\/product"}],"wp:featuredmedia":[{"embeddable":true,"href":"https:\/\/ipasa.com.mx\/index.php\/wp-json\/wp\/v2\/media\/1671"}],"wp:attachment":[{"href":"https:\/\/ipasa.com.mx\/index.php\/wp-json\/wp\/v2\/media?parent=1646"}],"wp:term":[{"taxonomy":"product_brand","embeddable":true,"href":"https:\/\/ipasa.com.mx\/index.php\/wp-json\/wp\/v2\/product_brand?post=1646"},{"taxonomy":"product_cat","embeddable":true,"href":"https:\/\/ipasa.com.mx\/index.php\/wp-json\/wp\/v2\/product_cat?post=1646"},{"taxonomy":"product_tag","embeddable":true,"href":"https:\/\/ipasa.com.mx\/index.php\/wp-json\/wp\/v2\/product_tag?post=1646"}],"curies":[{"name":"wp","href":"https:\/\/api.w.org\/{rel}","templated":true}]}}