{"id":1619,"date":"2023-10-25T15:52:27","date_gmt":"2023-10-25T15:52:27","guid":{"rendered":"https:\/\/ipasa.com.mx\/?post_type=product&#038;p=1619"},"modified":"2026-01-27T18:03:52","modified_gmt":"2026-01-27T18:03:52","slug":"cama-elevada-para-cerda-alimento-humedo","status":"publish","type":"product","link":"https:\/\/ipasa.com.mx\/index.php\/product\/cama-elevada-para-cerda-alimento-humedo\/","title":{"rendered":"Cama elevada para cerda alimento h\u00famedo"},"content":{"rendered":"<p><span style=\"vertical-align: inherit;\"><span style=\"vertical-align: inherit;\">ESPECIFICACIONES:<\/span><\/span><\/p>\n<ul>\n<li><span style=\"vertical-align: inherit;\"><span style=\"vertical-align: inherit;\">Ara\u00f1as en tubo de 1\u201d c\u00e9dula 30 galvanizada. <\/span><span style=\"vertical-align: inherit;\">Se pueden colocar los diferentes tipos de comederos que tenemos para maternidad.<\/span><\/span><\/li>\n<li><span style=\"vertical-align: inherit;\"><span style=\"vertical-align: inherit;\">Comedero para la marrana en acero inoxidable alimentaci\u00f3n h\u00fameda, tolva y sistema de dosificaci\u00f3n.<\/span><\/span><\/li>\n<li><span style=\"vertical-align: inherit;\"><span style=\"vertical-align: inherit;\">Bases en Solera \u00bc\u201d x 3\u201d de 160 x 250 cm galvanizadas por inmersi\u00f3n.<\/span><\/span><\/li>\n<li>Piso pl\u00e1stico fabricado en polipropileno virgen, a prueba de altos impactos marca IPASA<\/li>\n<li><span style=\"vertical-align: inherit;\"><span style=\"vertical-align: inherit;\">Divisiones frontales y laterales fabricadas en redondo pulido galvanizado de 6,35 mm de di\u00e1metro, con barrotes de 4,5 cm de separaci\u00f3n.<\/span><\/span><\/li>\n<li><span style=\"vertical-align: inherit;\"><span style=\"vertical-align: inherit;\">Patas fabricadas en solera de \u00bc\u201d x 1 \u00bd\u201d galvanizadas de 30 cm de altura.<\/span><\/span><\/li>\n<li>PRODUCTO CON TIEMPO DE ENTREGA. CONSULTE A SU ASESOR COMECIAL O COMUNIQUESE CON NOSOTROS.<\/li>\n<\/ul>\n<p>16.05.2022 v<\/p>\n<p><strong><em><span style=\"vertical-align: inherit;\"><span style=\"vertical-align: inherit;\">VARIACIONES<\/span><\/span><\/em><\/strong><\/p>\n<table width=\"681\">\n<tbody>\n<tr>\n<td width=\"80\"><strong><span style=\"vertical-align: inherit;\"><span style=\"vertical-align: inherit;\">JAULA<\/span><\/span><\/strong><\/td>\n<td width=\"202\"><strong><span style=\"vertical-align: inherit;\"><span style=\"vertical-align: inherit;\">COMEDEROS<\/span><\/span><\/strong><\/td>\n<td width=\"152\"><strong><span style=\"vertical-align: inherit;\"><span style=\"vertical-align: inherit;\">PISOS<\/span><\/span><\/strong><\/td>\n<td width=\"95\"><strong><span style=\"vertical-align: inherit;\"><span style=\"vertical-align: inherit;\">LATERALES<\/span><\/span><\/strong><\/td>\n<td width=\"152\"><strong><span style=\"vertical-align: inherit;\"><span style=\"vertical-align: inherit;\">DIMENSIONES DE LA CAMA<\/span><\/span><\/strong><\/td>\n<\/tr>\n<tr>\n<td><span style=\"vertical-align: inherit;\"><span style=\"vertical-align: inherit;\">\u00c9lite<\/span><\/span><\/td>\n<td><span style=\"vertical-align: inherit;\"><span style=\"vertical-align: inherit;\">Cangil\u00f3n en acero inoxidable.<\/span><\/span><\/td>\n<td><span style=\"vertical-align: inherit;\"><span style=\"vertical-align: inherit;\">Pl\u00e1stico marca IPASA<\/span><\/span><\/td>\n<td><span style=\"vertical-align: inherit;\"><span style=\"vertical-align: inherit;\">redondo pulido<\/span><\/span><\/td>\n<td><span style=\"vertical-align: inherit;\"><span style=\"vertical-align: inherit;\">160x250cm<\/span><\/span><\/td>\n<\/tr>\n<tr>\n<td><span style=\"vertical-align: inherit;\"><span style=\"vertical-align: inherit;\">holandesa<\/span><\/span><\/td>\n<td><span style=\"vertical-align: inherit;\"><span style=\"vertical-align: inherit;\">Cangil\u00f3n en acero al carbono<\/span><\/span><\/td>\n<td><\/td>\n<td><span style=\"vertical-align: inherit;\"><span style=\"vertical-align: inherit;\">paneles de PVC<\/span><\/span><\/td>\n<td><\/td>\n<\/tr>\n<tr>\n<td><\/td>\n<td><span style=\"vertical-align: inherit;\"><span style=\"vertical-align: inherit;\">Comedero para alimentos h\u00famedos<\/span><\/span><\/td>\n<td><\/td>\n<td><\/td>\n<td><\/td>\n<\/tr>\n<tr>\n<td><\/td>\n<td><\/td>\n<td><\/td>\n<td><\/td>\n<td><\/td>\n<\/tr>\n<\/tbody>\n<\/table>\n<p>&nbsp;<\/p>\n","protected":false},"excerpt":{"rendered":"<p>Fabricaci\u00f3n en perfiles estructurales galvanizado por inmersi\u00f3n. Equipada con paridera, <strong>comedero alimentaci\u00f3n h\u00fameda en acero inoxidable para madre<\/strong>, comedero tipo plato para lechones en la maternidad en acero inoxidable, Sistema de agua con doble bebedero tipo chup\u00f3n, Tapete para lech\u00f3n en hule vulcanizado, Difusor de calor en aluminio con enchufe el\u00e9ctrico.<\/p>\n","protected":false},"featured_media":3116,"template":"","meta":{"site-sidebar-layout":"default","site-content-layout":"","ast-site-content-layout":"default","site-content-style":"default","site-sidebar-style":"default","ast-global-header-display":"","ast-banner-title-visibility":"","ast-main-header-display":"","ast-hfb-above-header-display":"","ast-hfb-below-header-display":"","ast-hfb-mobile-header-display":"","site-post-title":"","ast-breadcrumbs-content":"","ast-featured-img":"","footer-sml-layout":"","theme-transparent-header-meta":"default","adv-header-id-meta":"","stick-header-meta":"","header-above-stick-meta":"","header-main-stick-meta":"","header-below-stick-meta":"","astra-migrate-meta-layouts":"set","ast-page-background-enabled":"default","ast-page-background-meta":{"desktop":{"background-color":"","background-image":"","background-repeat":"repeat","background-position":"center center","background-size":"auto","background-attachment":"scroll","background-type":"","background-media":"","overlay-type":"","overlay-color":"","overlay-opacity":"","overlay-gradient":""},"tablet":{"background-color":"","background-image":"","background-repeat":"repeat","background-position":"center center","background-size":"auto","background-attachment":"scroll","background-type":"","background-media":"","overlay-type":"","overlay-color":"","overlay-opacity":"","overlay-gradient":""},"mobile":{"background-color":"","background-image":"","background-repeat":"repeat","background-position":"center center","background-size":"auto","background-attachment":"scroll","background-type":"","background-media":"","overlay-type":"","overlay-color":"","overlay-opacity":"","overlay-gradient":""}},"ast-content-background-meta":{"desktop":{"background-color":"var(--ast-global-color-5)","background-image":"","background-repeat":"repeat","background-position":"center center","background-size":"auto","background-attachment":"scroll","background-type":"","background-media":"","overlay-type":"","overlay-color":"","overlay-opacity":"","overlay-gradient":""},"tablet":{"background-color":"var(--ast-global-color-5)","background-image":"","background-repeat":"repeat","background-position":"center center","background-size":"auto","background-attachment":"scroll","background-type":"","background-media":"","overlay-type":"","overlay-color":"","overlay-opacity":"","overlay-gradient":""},"mobile":{"background-color":"var(--ast-global-color-5)","background-image":"","background-repeat":"repeat","background-position":"center center","background-size":"auto","background-attachment":"scroll","background-type":"","background-media":"","overlay-type":"","overlay-color":"","overlay-opacity":"","overlay-gradient":""}},"_joinchat":[]},"product_brand":[],"product_cat":[59],"product_tag":[],"class_list":{"0":"post-1619","1":"product","2":"type-product","3":"status-publish","4":"has-post-thumbnail","6":"product_cat-maternidad-jaulas","7":"desktop-align-left","8":"tablet-align-left","9":"mobile-align-left","11":"first","12":"instock","13":"shipping-taxable","14":"purchasable","15":"product-type-variable"},"_links":{"self":[{"href":"https:\/\/ipasa.com.mx\/index.php\/wp-json\/wp\/v2\/product\/1619","targetHints":{"allow":["GET"]}}],"collection":[{"href":"https:\/\/ipasa.com.mx\/index.php\/wp-json\/wp\/v2\/product"}],"about":[{"href":"https:\/\/ipasa.com.mx\/index.php\/wp-json\/wp\/v2\/types\/product"}],"wp:featuredmedia":[{"embeddable":true,"href":"https:\/\/ipasa.com.mx\/index.php\/wp-json\/wp\/v2\/media\/3116"}],"wp:attachment":[{"href":"https:\/\/ipasa.com.mx\/index.php\/wp-json\/wp\/v2\/media?parent=1619"}],"wp:term":[{"taxonomy":"product_brand","embeddable":true,"href":"https:\/\/ipasa.com.mx\/index.php\/wp-json\/wp\/v2\/product_brand?post=1619"},{"taxonomy":"product_cat","embeddable":true,"href":"https:\/\/ipasa.com.mx\/index.php\/wp-json\/wp\/v2\/product_cat?post=1619"},{"taxonomy":"product_tag","embeddable":true,"href":"https:\/\/ipasa.com.mx\/index.php\/wp-json\/wp\/v2\/product_tag?post=1619"}],"curies":[{"name":"wp","href":"https:\/\/api.w.org\/{rel}","templated":true}]}}