{"id":1457,"date":"2023-10-25T15:49:23","date_gmt":"2023-10-25T15:49:23","guid":{"rendered":"https:\/\/ipasa.com.mx\/?post_type=product&#038;p=1457"},"modified":"2026-02-24T18:49:20","modified_gmt":"2026-02-24T18:49:20","slug":"arana-de-maternidad-modelo-holandesa","status":"publish","type":"product","link":"https:\/\/ipasa.com.mx\/index.php\/product\/arana-de-maternidad-modelo-holandesa\/","title":{"rendered":"Ara\u00f1a de maternidad modelo holandesa"},"content":{"rendered":"<p>Jaula de tubo para marrana en la etapa de maternidad, fabricada en tubo de 3\/4&#8243; y 1&#8243; , c\u00e9dula 30, equipada con soleras barrenadas tubo salvador de lechones, barra inferior ajustable para una mejor exposici\u00f3n de los pezones, incluye tarjetero frontal, porta difusor y puertas delantera y trasera. No incluye el anclaje o sujeci\u00f3n al piso ni el comedero. galvanizada por inmersi\u00f3n.<\/p>\n<p>Caracter\u00edsticas:<\/p>\n<ul>\n<li>Componentes de f\u00e1cil ensamble<\/li>\n<li>Totalmente atornillable<\/li>\n<li>Adaptable a varios modelos de comederos y sistemas de agua para cerdas y lechones *<\/li>\n<li>La barra inferior de la jaula es ajustable para una mejor exposici\u00f3n de los pezones<\/li>\n<li>Puertas delantera y trasera totalmente abatibles y desmontables<\/li>\n<li>Incluye soleras barrenadas soldadas a la medida, para atornillar sistemas de agua con bebederos para la cerda y los lechones<\/li>\n<li>Barras salva lechones<\/li>\n<li>Libre de aristas filosas<\/li>\n<li>Incluye tarjetero para control y registro de datos<\/li>\n<li>Soleras barrenadas atornillables a cualquier tipo de base<\/li>\n<li>Porta-difusor para sujetar l\u00e1mpara de calor o criadora infrarroja.<\/li>\n<\/ul>\n<p>&nbsp;<\/p>\n","protected":false},"excerpt":{"rendered":"<p>Ara\u00f1a modelo holandesa en tubo de 3\/4&#8243; y 1&#8243;, c\u00e9dula 30. Galvanizada por inmersi\u00f3n.<\/p>\n<p>PRODUCTO SUJETO A DISPONIBILIDAD. CONSULTE A SU ASESOR COMECIAL O COMUNIQUESE CON NOSOTROS.<\/p>\n<p>SKU ZT313GF<\/p>\n<p>17.02.26 v<\/p>\n","protected":false},"featured_media":1528,"template":"","meta":{"site-sidebar-layout":"default","site-content-layout":"","ast-site-content-layout":"default","site-content-style":"default","site-sidebar-style":"default","ast-global-header-display":"","ast-banner-title-visibility":"","ast-main-header-display":"","ast-hfb-above-header-display":"","ast-hfb-below-header-display":"","ast-hfb-mobile-header-display":"","site-post-title":"","ast-breadcrumbs-content":"","ast-featured-img":"","footer-sml-layout":"","theme-transparent-header-meta":"default","adv-header-id-meta":"","stick-header-meta":"","header-above-stick-meta":"","header-main-stick-meta":"","header-below-stick-meta":"","astra-migrate-meta-layouts":"set","ast-page-background-enabled":"default","ast-page-background-meta":{"desktop":{"background-color":"","background-image":"","background-repeat":"repeat","background-position":"center center","background-size":"auto","background-attachment":"scroll","background-type":"","background-media":"","overlay-type":"","overlay-color":"","overlay-opacity":"","overlay-gradient":""},"tablet":{"background-color":"","background-image":"","background-repeat":"repeat","background-position":"center center","background-size":"auto","background-attachment":"scroll","background-type":"","background-media":"","overlay-type":"","overlay-color":"","overlay-opacity":"","overlay-gradient":""},"mobile":{"background-color":"","background-image":"","background-repeat":"repeat","background-position":"center center","background-size":"auto","background-attachment":"scroll","background-type":"","background-media":"","overlay-type":"","overlay-color":"","overlay-opacity":"","overlay-gradient":""}},"ast-content-background-meta":{"desktop":{"background-color":"var(--ast-global-color-5)","background-image":"","background-repeat":"repeat","background-position":"center center","background-size":"auto","background-attachment":"scroll","background-type":"","background-media":"","overlay-type":"","overlay-color":"","overlay-opacity":"","overlay-gradient":""},"tablet":{"background-color":"var(--ast-global-color-5)","background-image":"","background-repeat":"repeat","background-position":"center center","background-size":"auto","background-attachment":"scroll","background-type":"","background-media":"","overlay-type":"","overlay-color":"","overlay-opacity":"","overlay-gradient":""},"mobile":{"background-color":"var(--ast-global-color-5)","background-image":"","background-repeat":"repeat","background-position":"center center","background-size":"auto","background-attachment":"scroll","background-type":"","background-media":"","overlay-type":"","overlay-color":"","overlay-opacity":"","overlay-gradient":""}},"_joinchat":[]},"product_brand":[],"product_cat":[59],"product_tag":[],"class_list":{"0":"post-1457","1":"product","2":"type-product","3":"status-publish","4":"has-post-thumbnail","6":"product_cat-maternidad-jaulas","7":"desktop-align-left","8":"tablet-align-left","9":"mobile-align-left","11":"first","12":"instock","13":"shipping-taxable","14":"purchasable","15":"product-type-simple"},"_links":{"self":[{"href":"https:\/\/ipasa.com.mx\/index.php\/wp-json\/wp\/v2\/product\/1457","targetHints":{"allow":["GET"]}}],"collection":[{"href":"https:\/\/ipasa.com.mx\/index.php\/wp-json\/wp\/v2\/product"}],"about":[{"href":"https:\/\/ipasa.com.mx\/index.php\/wp-json\/wp\/v2\/types\/product"}],"wp:featuredmedia":[{"embeddable":true,"href":"https:\/\/ipasa.com.mx\/index.php\/wp-json\/wp\/v2\/media\/1528"}],"wp:attachment":[{"href":"https:\/\/ipasa.com.mx\/index.php\/wp-json\/wp\/v2\/media?parent=1457"}],"wp:term":[{"taxonomy":"product_brand","embeddable":true,"href":"https:\/\/ipasa.com.mx\/index.php\/wp-json\/wp\/v2\/product_brand?post=1457"},{"taxonomy":"product_cat","embeddable":true,"href":"https:\/\/ipasa.com.mx\/index.php\/wp-json\/wp\/v2\/product_cat?post=1457"},{"taxonomy":"product_tag","embeddable":true,"href":"https:\/\/ipasa.com.mx\/index.php\/wp-json\/wp\/v2\/product_tag?post=1457"}],"curies":[{"name":"wp","href":"https:\/\/api.w.org\/{rel}","templated":true}]}}