{"id":1425,"date":"2023-10-25T15:49:02","date_gmt":"2023-10-25T15:49:02","guid":{"rendered":"https:\/\/ipasa.com.mx\/?post_type=product&#038;p=1425"},"modified":"2024-03-07T21:49:44","modified_gmt":"2024-03-07T21:49:44","slug":"jaulas-para-cerdas-en-gestacion","status":"publish","type":"product","link":"https:\/\/ipasa.com.mx\/index.php\/product\/jaulas-para-cerdas-en-gestacion\/","title":{"rendered":"Corral para cerdas en gestaci\u00f3n"},"content":{"rendered":"<p>Caracter\u00edsticas:<\/p>\n<ul>\n<li>Totalmente galvanizada por inmersi\u00f3n.<\/li>\n<li>Fabricadas en solera de 3\/16&#8243; X 2&#8243;, \u00e1ngulo de 1\/8&#8243; X 1 1\/2&#8243; y redondo de 3\/8&#8243; y 1\/2&#8243;. *<\/li>\n<li>Bajo perfil trasero para facilitar la inseminaci\u00f3n artificial.<\/li>\n<li>Versatilidad en cuanto a futuras expansiones para la automatizaci\u00f3n.<\/li>\n<li>Reducci\u00f3n del estr\u00e9s al alimentar en forma simult\u00e1nea el total de las cerdas en gestaci\u00f3n.<\/li>\n<li>Puerta delantera y trasera con bisagras tipo bast\u00f3n para apertura a ambos lados.<\/li>\n<li>Tubo gu\u00eda de alimentaci\u00f3n de 2\u201d cedula 30. con adaptador incluido.<\/li>\n<li>Patas traseras a 70 cm. antes de la puerta trasera para instalaciones que cuenten con canaleta de desag\u00fce posterior.<\/li>\n<li>Corte y doblez sin aristas.<\/li>\n<li>Las medidas de la jaula son: ancho de 64 cm., altura de 110 cm. y largo de 217 cm.<\/li>\n<li>La jaula se puede surtir CON o SIN sistema de alimentaci\u00f3n SEMI-autom\u00e1tica.<\/li>\n<li>Sencillez en su instalaci\u00f3n.<\/li>\n<li>El sistema de agua se vende por separado cuando el dise\u00f1o lo requiera.<\/li>\n<li>PRODUCTO SUJETO A DISPONIBILIDAD. CONSULTE A SU ASESOR COMECIAL O COMUNIQUESE CON NOSOTROS. <span style=\"font-size: 16px\">07.03.24 v<\/span><\/li>\n<\/ul>\n<p>&nbsp;<\/p>\n","protected":false},"excerpt":{"rendered":"<ul>\n<li>\n<h5>Galvanizada por inmersi\u00f3n.<\/h5>\n<\/li>\n<\/ul>\n","protected":false},"featured_media":1490,"template":"","meta":{"site-sidebar-layout":"default","site-content-layout":"","ast-site-content-layout":"default","site-content-style":"default","site-sidebar-style":"default","ast-global-header-display":"","ast-banner-title-visibility":"","ast-main-header-display":"","ast-hfb-above-header-display":"","ast-hfb-below-header-display":"","ast-hfb-mobile-header-display":"","site-post-title":"","ast-breadcrumbs-content":"","ast-featured-img":"","footer-sml-layout":"","theme-transparent-header-meta":"default","adv-header-id-meta":"","stick-header-meta":"","header-above-stick-meta":"","header-main-stick-meta":"","header-below-stick-meta":"","astra-migrate-meta-layouts":"set","ast-page-background-enabled":"default","ast-page-background-meta":{"desktop":{"background-color":"","background-image":"","background-repeat":"repeat","background-position":"center center","background-size":"auto","background-attachment":"scroll","background-type":"","background-media":"","overlay-type":"","overlay-color":"","overlay-opacity":"","overlay-gradient":""},"tablet":{"background-color":"","background-image":"","background-repeat":"repeat","background-position":"center center","background-size":"auto","background-attachment":"scroll","background-type":"","background-media":"","overlay-type":"","overlay-color":"","overlay-opacity":"","overlay-gradient":""},"mobile":{"background-color":"","background-image":"","background-repeat":"repeat","background-position":"center center","background-size":"auto","background-attachment":"scroll","background-type":"","background-media":"","overlay-type":"","overlay-color":"","overlay-opacity":"","overlay-gradient":""}},"ast-content-background-meta":{"desktop":{"background-color":"var(--ast-global-color-5)","background-image":"","background-repeat":"repeat","background-position":"center center","background-size":"auto","background-attachment":"scroll","background-type":"","background-media":"","overlay-type":"","overlay-color":"","overlay-opacity":"","overlay-gradient":""},"tablet":{"background-color":"var(--ast-global-color-5)","background-image":"","background-repeat":"repeat","background-position":"center center","background-size":"auto","background-attachment":"scroll","background-type":"","background-media":"","overlay-type":"","overlay-color":"","overlay-opacity":"","overlay-gradient":""},"mobile":{"background-color":"var(--ast-global-color-5)","background-image":"","background-repeat":"repeat","background-position":"center center","background-size":"auto","background-attachment":"scroll","background-type":"","background-media":"","overlay-type":"","overlay-color":"","overlay-opacity":"","overlay-gradient":""}},"_joinchat":[]},"product_brand":[],"product_cat":[51],"product_tag":[186,188,187],"class_list":{"0":"post-1425","1":"product","2":"type-product","3":"status-publish","4":"has-post-thumbnail","6":"product_cat-gestacion-jaulas","7":"product_tag-gestacion","8":"product_tag-gestantes","9":"product_tag-jaula-de-gestacion","10":"desktop-align-left","11":"tablet-align-left","12":"mobile-align-left","14":"first","15":"instock","16":"featured","17":"shipping-taxable","18":"purchasable","19":"product-type-variable","20":"has-default-attributes"},"_links":{"self":[{"href":"https:\/\/ipasa.com.mx\/index.php\/wp-json\/wp\/v2\/product\/1425","targetHints":{"allow":["GET"]}}],"collection":[{"href":"https:\/\/ipasa.com.mx\/index.php\/wp-json\/wp\/v2\/product"}],"about":[{"href":"https:\/\/ipasa.com.mx\/index.php\/wp-json\/wp\/v2\/types\/product"}],"wp:featuredmedia":[{"embeddable":true,"href":"https:\/\/ipasa.com.mx\/index.php\/wp-json\/wp\/v2\/media\/1490"}],"wp:attachment":[{"href":"https:\/\/ipasa.com.mx\/index.php\/wp-json\/wp\/v2\/media?parent=1425"}],"wp:term":[{"taxonomy":"product_brand","embeddable":true,"href":"https:\/\/ipasa.com.mx\/index.php\/wp-json\/wp\/v2\/product_brand?post=1425"},{"taxonomy":"product_cat","embeddable":true,"href":"https:\/\/ipasa.com.mx\/index.php\/wp-json\/wp\/v2\/product_cat?post=1425"},{"taxonomy":"product_tag","embeddable":true,"href":"https:\/\/ipasa.com.mx\/index.php\/wp-json\/wp\/v2\/product_tag?post=1425"}],"curies":[{"name":"wp","href":"https:\/\/api.w.org\/{rel}","templated":true}]}}