{"id":1376,"date":"2023-10-25T15:47:52","date_gmt":"2023-10-25T15:47:52","guid":{"rendered":"https:\/\/ipasa.com.mx\/?post_type=product&#038;p=1376"},"modified":"2026-02-24T16:22:09","modified_gmt":"2026-02-24T16:22:09","slug":"bebedero-circular-para-cerdos","status":"publish","type":"product","link":"https:\/\/ipasa.com.mx\/index.php\/product\/bebedero-circular-para-cerdos\/","title":{"rendered":"Bebedero circular para cerdos"},"content":{"rendered":"<p><span style=\"vertical-align: inherit;\"><span style=\"vertical-align: inherit;\">El bebedero circular tipo taza est\u00e1 fabricado en acero inoxidable, el cual es higi\u00e9nico y asegura la reducci\u00f3n del derramamiento del agua. <\/span><span style=\"vertical-align: inherit;\">Por su dise\u00f1o, el bebedero est\u00e1 hacia abajo en el hueco del recipiente, por lo que no se desperdicia el agua cuando esta es consumida por el cerdo, ahorrando hasta un 90% de agua por cerdo con respecto a sistemas de agua convencionales.<\/span><\/span><\/p>\n<p><span style=\"vertical-align: inherit;\"><span style=\"vertical-align: inherit;\">Dimensiones para cada etapa:<\/span><\/span><\/p>\n<p><span style=\"vertical-align: inherit;\"><span style=\"vertical-align: inherit;\">13 cm para lechones en la maternidad+++AGOTADO+++<\/span><\/span><\/p>\n<p><span style=\"vertical-align: inherit;\"><span style=\"vertical-align: inherit;\">15 cm para lechones en el destete +AGOTADO++<\/span><\/span><\/p>\n<p><span style=\"vertical-align: inherit;\"><span style=\"vertical-align: inherit;\">17 cm para cerdos engorda +++AGOTADO++<\/span><\/span><\/p>\n<p><span style=\"vertical-align: inherit;\"><span style=\"vertical-align: inherit;\">21 cm para cerdos adultos (POCAS UNIDADES 20PZ)<\/span><\/span><\/p>\n<p>&nbsp;<\/p>\n<p>&nbsp;<\/p>\n","protected":false},"excerpt":{"rendered":"<p><span style=\"vertical-align: inherit;\"><span style=\"vertical-align: inherit;\">Bebedero circular tipo cazoleta fabricado en acero inoxidable con bebedero de bastago tipo pivote en acero inoxidable para cerdos en varias etapas.<\/span><\/span><\/p>\n<p><span style=\"vertical-align: inherit;\"><span style=\"vertical-align: inherit;\">28.09v<\/span><\/span><\/p>\n","protected":false},"featured_media":1435,"template":"","meta":{"site-sidebar-layout":"default","site-content-layout":"","ast-site-content-layout":"default","site-content-style":"default","site-sidebar-style":"default","ast-global-header-display":"","ast-banner-title-visibility":"","ast-main-header-display":"","ast-hfb-above-header-display":"","ast-hfb-below-header-display":"","ast-hfb-mobile-header-display":"","site-post-title":"","ast-breadcrumbs-content":"","ast-featured-img":"","footer-sml-layout":"","theme-transparent-header-meta":"default","adv-header-id-meta":"","stick-header-meta":"","header-above-stick-meta":"","header-main-stick-meta":"","header-below-stick-meta":"","astra-migrate-meta-layouts":"set","ast-page-background-enabled":"default","ast-page-background-meta":{"desktop":{"background-color":"","background-image":"","background-repeat":"repeat","background-position":"center center","background-size":"auto","background-attachment":"scroll","background-type":"","background-media":"","overlay-type":"","overlay-color":"","overlay-opacity":"","overlay-gradient":""},"tablet":{"background-color":"","background-image":"","background-repeat":"repeat","background-position":"center center","background-size":"auto","background-attachment":"scroll","background-type":"","background-media":"","overlay-type":"","overlay-color":"","overlay-opacity":"","overlay-gradient":""},"mobile":{"background-color":"","background-image":"","background-repeat":"repeat","background-position":"center center","background-size":"auto","background-attachment":"scroll","background-type":"","background-media":"","overlay-type":"","overlay-color":"","overlay-opacity":"","overlay-gradient":""}},"ast-content-background-meta":{"desktop":{"background-color":"var(--ast-global-color-5)","background-image":"","background-repeat":"repeat","background-position":"center center","background-size":"auto","background-attachment":"scroll","background-type":"","background-media":"","overlay-type":"","overlay-color":"","overlay-opacity":"","overlay-gradient":""},"tablet":{"background-color":"var(--ast-global-color-5)","background-image":"","background-repeat":"repeat","background-position":"center center","background-size":"auto","background-attachment":"scroll","background-type":"","background-media":"","overlay-type":"","overlay-color":"","overlay-opacity":"","overlay-gradient":""},"mobile":{"background-color":"var(--ast-global-color-5)","background-image":"","background-repeat":"repeat","background-position":"center center","background-size":"auto","background-attachment":"scroll","background-type":"","background-media":"","overlay-type":"","overlay-color":"","overlay-opacity":"","overlay-gradient":""}},"_joinchat":[]},"product_brand":[],"product_cat":[34],"product_tag":[],"class_list":{"0":"post-1376","1":"product","2":"type-product","3":"status-publish","4":"has-post-thumbnail","6":"product_cat-tipo-taza-tazon-y-medicadores","7":"desktop-align-left","8":"tablet-align-left","9":"mobile-align-left","11":"first","12":"instock","13":"shipping-taxable","14":"purchasable","15":"product-type-simple"},"_links":{"self":[{"href":"https:\/\/ipasa.com.mx\/index.php\/wp-json\/wp\/v2\/product\/1376","targetHints":{"allow":["GET"]}}],"collection":[{"href":"https:\/\/ipasa.com.mx\/index.php\/wp-json\/wp\/v2\/product"}],"about":[{"href":"https:\/\/ipasa.com.mx\/index.php\/wp-json\/wp\/v2\/types\/product"}],"wp:featuredmedia":[{"embeddable":true,"href":"https:\/\/ipasa.com.mx\/index.php\/wp-json\/wp\/v2\/media\/1435"}],"wp:attachment":[{"href":"https:\/\/ipasa.com.mx\/index.php\/wp-json\/wp\/v2\/media?parent=1376"}],"wp:term":[{"taxonomy":"product_brand","embeddable":true,"href":"https:\/\/ipasa.com.mx\/index.php\/wp-json\/wp\/v2\/product_brand?post=1376"},{"taxonomy":"product_cat","embeddable":true,"href":"https:\/\/ipasa.com.mx\/index.php\/wp-json\/wp\/v2\/product_cat?post=1376"},{"taxonomy":"product_tag","embeddable":true,"href":"https:\/\/ipasa.com.mx\/index.php\/wp-json\/wp\/v2\/product_tag?post=1376"}],"curies":[{"name":"wp","href":"https:\/\/api.w.org\/{rel}","templated":true}]}}