{"id":1354,"date":"2023-10-25T15:47:51","date_gmt":"2023-10-25T15:47:51","guid":{"rendered":"https:\/\/ipasa.com.mx\/?post_type=product&#038;p=1354"},"modified":"2026-02-13T20:28:07","modified_gmt":"2026-02-13T20:28:07","slug":"bebedero-tipo-tazon-embutido","status":"publish","type":"product","link":"https:\/\/ipasa.com.mx\/index.php\/product\/bebedero-tipo-tazon-embutido\/","title":{"rendered":"Bebedero tipo Taz\u00f3n Embutido"},"content":{"rendered":"<table>\n<tbody>\n<tr>\n<td colspan=\"2\" width=\"441\"><span style=\"vertical-align: inherit\"><span style=\"vertical-align: inherit\">El bebedero de recipiente embutido est\u00e1 fabricado en acero inoxidable, el cual es higi\u00e9nico y asegura la reducci\u00f3n del derrame del agua. <\/span><span style=\"vertical-align: inherit\">Por su dise\u00f1o, el chup\u00f3n est\u00e1 hacia abajo en el hueco del recipiente, por lo que no se desperdicia el agua cuando esta es consumida por el cerdo, ahorrando hasta un 90% de agua por cerdo con respecto a sistemas de agua convencionales.<\/span><\/span><\/p>\n<p><span style=\"vertical-align: inherit\">28.09v<\/span><\/td>\n<\/tr>\n<tr>\n<td width=\"221\"><strong><span style=\"vertical-align: inherit\"><span style=\"vertical-align: inherit\">VENTAJAS<\/span><\/span><\/strong><\/p>\n<ul>\n<li><span style=\"vertical-align: inherit\"><span style=\"vertical-align: inherit\">\u00a0 Agua siempre limpia.<\/span><\/span><\/li>\n<li><span style=\"vertical-align: inherit\"><span style=\"vertical-align: inherit\">No se ensucia el interior del recipiente.<\/span><\/span><\/li>\n<li><span style=\"vertical-align: inherit\"><span style=\"vertical-align: inherit\">\u00a0Sin escoria.<\/span><\/span><\/li>\n<li><span style=\"vertical-align: inherit\"><span style=\"vertical-align: inherit\">Cerdos sanos y ganancia m\u00e1s r\u00e1pida.<\/span><\/span><\/li>\n<li><span style=\"vertical-align: inherit\"><span style=\"vertical-align: inherit\">Derrame de agua m\u00ednima.<\/span><\/span><\/li>\n<\/ul>\n<p>&nbsp;<\/td>\n<td width=\"221\"><span style=\"vertical-align: inherit\"><span style=\"vertical-align: inherit\">No se ensucia el interior del recipiente debido a su dise\u00f1o circular y cerrado. <\/span><span style=\"vertical-align: inherit\">Sin esquinas.<\/span><\/span><\/p>\n<p><span style=\"vertical-align: inherit\"><span style=\"vertical-align: inherit\">El pez\u00f3n tiene una posici\u00f3n baja &#8211; s\u00f3lo sale el agua que los cerdos beben. <\/span><span style=\"vertical-align: inherit\">Hasta un 40% menos de esti\u00e9rcol l\u00edquido al d\u00eda.<\/span><\/span><\/p>\n<p>&nbsp;<\/p>\n<p><span style=\"vertical-align: inherit\"><span style=\"vertical-align: inherit\">El recipiente est\u00e1 hecho de acero inoxidable con una circunferencia doblada. <\/span><span style=\"vertical-align: inherit\">El suministro de agua es un tubo vertical en acero inoxidable. <\/span><span style=\"vertical-align: inherit\">F\u00e1cil de montar y de bajo peso.<\/span><\/span><\/p>\n<p>&nbsp;<\/td>\n<\/tr>\n<\/tbody>\n<\/table>\n<p>&nbsp;<\/p>\n","protected":false},"excerpt":{"rendered":"<p><span style=\"vertical-align: inherit\"><span style=\"vertical-align: inherit\">Bebedero tipo recipiente embutido.<\/span><\/span><\/p>\n<p><span style=\"vertical-align: inherit\"><span style=\"vertical-align: inherit\">Fabricado en acero inoxidable con bebedero tipo pivote.<\/span><\/span><\/p>\n<p><span style=\"vertical-align: inherit\"><span style=\"vertical-align: inherit\">Disponible para cerdos en etapa de destete, engorda y cerdas adultas y sementales.<\/span><\/span><\/p>\n<p>&nbsp;<\/p>\n","protected":false},"featured_media":1384,"template":"","meta":{"site-sidebar-layout":"default","site-content-layout":"","ast-site-content-layout":"default","site-content-style":"default","site-sidebar-style":"default","ast-global-header-display":"","ast-banner-title-visibility":"","ast-main-header-display":"","ast-hfb-above-header-display":"","ast-hfb-below-header-display":"","ast-hfb-mobile-header-display":"","site-post-title":"","ast-breadcrumbs-content":"","ast-featured-img":"","footer-sml-layout":"","theme-transparent-header-meta":"default","adv-header-id-meta":"","stick-header-meta":"","header-above-stick-meta":"","header-main-stick-meta":"","header-below-stick-meta":"","astra-migrate-meta-layouts":"set","ast-page-background-enabled":"default","ast-page-background-meta":{"desktop":{"background-color":"","background-image":"","background-repeat":"repeat","background-position":"center center","background-size":"auto","background-attachment":"scroll","background-type":"","background-media":"","overlay-type":"","overlay-color":"","overlay-opacity":"","overlay-gradient":""},"tablet":{"background-color":"","background-image":"","background-repeat":"repeat","background-position":"center center","background-size":"auto","background-attachment":"scroll","background-type":"","background-media":"","overlay-type":"","overlay-color":"","overlay-opacity":"","overlay-gradient":""},"mobile":{"background-color":"","background-image":"","background-repeat":"repeat","background-position":"center center","background-size":"auto","background-attachment":"scroll","background-type":"","background-media":"","overlay-type":"","overlay-color":"","overlay-opacity":"","overlay-gradient":""}},"ast-content-background-meta":{"desktop":{"background-color":"var(--ast-global-color-5)","background-image":"","background-repeat":"repeat","background-position":"center center","background-size":"auto","background-attachment":"scroll","background-type":"","background-media":"","overlay-type":"","overlay-color":"","overlay-opacity":"","overlay-gradient":""},"tablet":{"background-color":"var(--ast-global-color-5)","background-image":"","background-repeat":"repeat","background-position":"center center","background-size":"auto","background-attachment":"scroll","background-type":"","background-media":"","overlay-type":"","overlay-color":"","overlay-opacity":"","overlay-gradient":""},"mobile":{"background-color":"var(--ast-global-color-5)","background-image":"","background-repeat":"repeat","background-position":"center center","background-size":"auto","background-attachment":"scroll","background-type":"","background-media":"","overlay-type":"","overlay-color":"","overlay-opacity":"","overlay-gradient":""}},"_joinchat":[]},"product_brand":[],"product_cat":[34],"product_tag":[],"class_list":{"0":"post-1354","1":"product","2":"type-product","3":"status-publish","4":"has-post-thumbnail","6":"product_cat-tipo-taza-tazon-y-medicadores","7":"desktop-align-left","8":"tablet-align-left","9":"mobile-align-left","11":"first","12":"instock","13":"shipping-taxable","14":"purchasable","15":"product-type-variable"},"_links":{"self":[{"href":"https:\/\/ipasa.com.mx\/index.php\/wp-json\/wp\/v2\/product\/1354","targetHints":{"allow":["GET"]}}],"collection":[{"href":"https:\/\/ipasa.com.mx\/index.php\/wp-json\/wp\/v2\/product"}],"about":[{"href":"https:\/\/ipasa.com.mx\/index.php\/wp-json\/wp\/v2\/types\/product"}],"wp:featuredmedia":[{"embeddable":true,"href":"https:\/\/ipasa.com.mx\/index.php\/wp-json\/wp\/v2\/media\/1384"}],"wp:attachment":[{"href":"https:\/\/ipasa.com.mx\/index.php\/wp-json\/wp\/v2\/media?parent=1354"}],"wp:term":[{"taxonomy":"product_brand","embeddable":true,"href":"https:\/\/ipasa.com.mx\/index.php\/wp-json\/wp\/v2\/product_brand?post=1354"},{"taxonomy":"product_cat","embeddable":true,"href":"https:\/\/ipasa.com.mx\/index.php\/wp-json\/wp\/v2\/product_cat?post=1354"},{"taxonomy":"product_tag","embeddable":true,"href":"https:\/\/ipasa.com.mx\/index.php\/wp-json\/wp\/v2\/product_tag?post=1354"}],"curies":[{"name":"wp","href":"https:\/\/api.w.org\/{rel}","templated":true}]}}