{"id":2265,"date":"2023-11-01T15:08:56","date_gmt":"2023-11-01T15:08:56","guid":{"rendered":"https:\/\/ipasa.com.mx\/?page_id=2265"},"modified":"2025-07-16T18:50:10","modified_gmt":"2025-07-16T18:50:10","slug":"empresa","status":"publish","type":"page","link":"https:\/\/ipasa.com.mx\/index.php\/empresa\/","title":{"rendered":"EMPRESA"},"content":{"rendered":"\t\t<div data-elementor-type=\"wp-page\" data-elementor-id=\"2265\" class=\"elementor elementor-2265\" data-elementor-post-type=\"page\">\n\t\t\t\t<div class=\"elementor-element elementor-element-01f1e42 e-flex e-con-boxed e-con e-parent\" data-id=\"01f1e42\" data-element_type=\"container\" data-e-type=\"container\">\n\t\t\t\t\t<div class=\"e-con-inner\">\n\t\t\t\t<div class=\"elementor-element elementor-element-edd1764 elementor-widget elementor-widget-heading\" data-id=\"edd1764\" data-element_type=\"widget\" data-e-type=\"widget\" data-widget_type=\"heading.default\">\n\t\t\t\t<div class=\"elementor-widget-container\">\n\t\t\t\t\t<h2 class=\"elementor-heading-title elementor-size-default\">NUESTRA HISTORIA<\/h2>\t\t\t\t<\/div>\n\t\t\t\t<\/div>\n\t\t\t\t\t<\/div>\n\t\t\t\t<\/div>\n\t\t<div class=\"elementor-element elementor-element-b701bd2 e-flex e-con-boxed e-con e-parent\" data-id=\"b701bd2\" data-element_type=\"container\" data-e-type=\"container\">\n\t\t\t\t\t<div class=\"e-con-inner\">\n\t\t\t\t<div class=\"elementor-element elementor-element-bbf77c2 elementor-widget elementor-widget-text-editor\" data-id=\"bbf77c2\" data-element_type=\"widget\" data-e-type=\"widget\" data-widget_type=\"text-editor.default\">\n\t\t\t\t<div class=\"elementor-widget-container\">\n\t\t\t\t\t\t\t\t\t<p><b>Innovaci\u00f3n Pecuaria Agroindustrial y Social Agr\u00f3noma <\/b>fue fundada en enero de 1985, con el\u00a0objetivo de crear una empresa industrial con el prop\u00f3sito de especializarla en la fabricaci\u00f3n de\u00a0<span style=\"font-style: inherit; font-weight: inherit; text-align: var(--text-align); background-color: var(--ast-global-color-4); color: var(--ast-global-color-3);\">implementos para granjas porcinas. Actualmente, IPASA, maneja varias l\u00edneas de productos, <\/span><span style=\"font-style: inherit; font-weight: inherit; text-align: var(--text-align); background-color: var(--ast-global-color-4); color: var(--ast-global-color-3);\">adem\u00e1s de la l\u00ednea de cerdos, como: equipo para fabricar alimentos balanceados, almacenaje de\u00a0<\/span><span style=\"font-style: inherit; font-weight: inherit; text-align: var(--text-align); background-color: var(--ast-global-color-4); color: var(--ast-global-color-3);\">granos, montajes industriales, equipos para bovinos, equipo para ganado ovino, mascotas y tambi\u00e9n contamos con maqu\u00edla de implementos .<\/span><\/p>\t\t\t\t\t\t\t\t<\/div>\n\t\t\t\t<\/div>\n\t\t\t\t\t<\/div>\n\t\t\t\t<\/div>\n\t\t<div class=\"elementor-element elementor-element-90162c7 e-flex e-con-boxed e-con e-parent\" data-id=\"90162c7\" data-element_type=\"container\" data-e-type=\"container\">\n\t\t\t\t\t<div class=\"e-con-inner\">\n\t\t\t\t<div class=\"elementor-element elementor-element-0945921 elementor-widget elementor-widget-heading\" data-id=\"0945921\" data-element_type=\"widget\" data-e-type=\"widget\" data-widget_type=\"heading.default\">\n\t\t\t\t<div class=\"elementor-widget-container\">\n\t\t\t\t\t<h2 class=\"elementor-heading-title elementor-size-xl\">PRODUCTOS PRINCIPALES<\/h2>\t\t\t\t<\/div>\n\t\t\t\t<\/div>\n\t\t\t\t\t<\/div>\n\t\t\t\t<\/div>\n\t\t\t\t<section class=\"elementor-section elementor-top-section elementor-element elementor-element-ak1xzcy elementor-section-boxed elementor-section-height-default elementor-section-height-default\" data-id=\"ak1xzcy\" data-element_type=\"section\" data-e-type=\"section\">\n\t\t\t\t\t\t<div class=\"elementor-container elementor-column-gap-no\">\n\t\t\t\t\t<div class=\"elementor-column elementor-col-100 elementor-top-column elementor-element elementor-element-730f282\" data-id=\"730f282\" data-element_type=\"column\" data-e-type=\"column\">\n\t\t\t<div class=\"elementor-widget-wrap elementor-element-populated\">\n\t\t\t\t\t\t<section class=\"elementor-section elementor-inner-section elementor-element elementor-element-be5dae5 elementor-section-content-middle elementor-section-boxed elementor-section-height-default elementor-section-height-default\" data-id=\"be5dae5\" data-element_type=\"section\" data-e-type=\"section\">\n\t\t\t\t\t\t<div class=\"elementor-container elementor-column-gap-no\">\n\t\t\t\t\t<div class=\"elementor-column elementor-col-66 elementor-inner-column elementor-element elementor-element-956409c\" data-id=\"956409c\" data-element_type=\"column\" data-e-type=\"column\">\n\t\t\t<div class=\"elementor-widget-wrap elementor-element-populated\">\n\t\t\t\t\t\t<div class=\"elementor-element elementor-element-d1ee831 elementor-widget elementor-widget-image\" data-id=\"d1ee831\" data-element_type=\"widget\" data-e-type=\"widget\" data-widget_type=\"image.default\">\n\t\t\t\t<div class=\"elementor-widget-container\">\n\t\t\t\t\t\t\t\t\t\t\t\t\t\t\t<img fetchpriority=\"high\" decoding=\"async\" width=\"1024\" height=\"683\" src=\"https:\/\/ipasa.com.mx\/wp-content\/uploads\/2023\/11\/image-1-1024x683.jpg\" class=\"attachment-large size-large wp-image-2355\" alt=\"\" srcset=\"https:\/\/ipasa.com.mx\/wp-content\/uploads\/2023\/11\/image-1-1024x683.jpg 1024w, https:\/\/ipasa.com.mx\/wp-content\/uploads\/2023\/11\/image-1-300x200.jpg 300w, https:\/\/ipasa.com.mx\/wp-content\/uploads\/2023\/11\/image-1-768x512.jpg 768w, https:\/\/ipasa.com.mx\/wp-content\/uploads\/2023\/11\/image-1-600x400.jpg 600w, https:\/\/ipasa.com.mx\/wp-content\/uploads\/2023\/11\/image-1.jpg 1201w\" sizes=\"(max-width: 1024px) 100vw, 1024px\" \/>\t\t\t\t\t\t\t\t\t\t\t\t\t\t\t<\/div>\n\t\t\t\t<\/div>\n\t\t\t\t\t<\/div>\n\t\t<\/div>\n\t\t\t\t<div class=\"elementor-column elementor-col-33 elementor-inner-column elementor-element elementor-element-c8e4280\" data-id=\"c8e4280\" data-element_type=\"column\" data-e-type=\"column\" data-settings=\"{&quot;background_background&quot;:&quot;classic&quot;}\">\n\t\t\t<div class=\"elementor-widget-wrap elementor-element-populated\">\n\t\t\t\t\t\t<div class=\"elementor-element elementor-element-e78335d elementor-widget elementor-widget-heading\" data-id=\"e78335d\" data-element_type=\"widget\" data-e-type=\"widget\" data-widget_type=\"heading.default\">\n\t\t\t\t<div class=\"elementor-widget-container\">\n\t\t\t\t\t<h3 class=\"elementor-heading-title elementor-size-default\">L\u00ednea Cerdos<\/h3>\t\t\t\t<\/div>\n\t\t\t\t<\/div>\n\t\t\t\t<div class=\"elementor-element elementor-element-1b65755 elementor-widget-divider--view-line elementor-widget elementor-widget-divider\" data-id=\"1b65755\" data-element_type=\"widget\" data-e-type=\"widget\" data-widget_type=\"divider.default\">\n\t\t\t\t<div class=\"elementor-widget-container\">\n\t\t\t\t\t\t\t<div class=\"elementor-divider\">\n\t\t\t<span class=\"elementor-divider-separator\">\n\t\t\t\t\t\t<\/span>\n\t\t<\/div>\n\t\t\t\t\t\t<\/div>\n\t\t\t\t<\/div>\n\t\t\t\t<div class=\"elementor-element elementor-element-51a22ff elementor-widget__width-initial elementor-widget elementor-widget-text-editor\" data-id=\"51a22ff\" data-element_type=\"widget\" data-e-type=\"widget\" data-widget_type=\"text-editor.default\">\n\t\t\t\t<div class=\"elementor-widget-container\">\n\t\t\t\t\t\t\t\t\t<p><span style=\"background-color: #f5f5f5;\">&#8211;\u00a0 <span style=\"color: #ff0000;\"><strong>Jaulas, corrales y camas<\/strong><\/span>\u00a0 para gestaci\u00f3n, maternidad, destete y engorda.<\/span><br style=\"background-color: #f5f5f5;\" \/><span style=\"background-color: #f5f5f5;\">&#8211;\u00a0 <span style=\"color: #ff0000;\"><strong>Comederos<\/strong> <\/span>para cerdos en todas las etapas.<\/span><br style=\"background-color: #f5f5f5;\" \/><span style=\"background-color: #f5f5f5;\">&#8211;\u00a0 <span style=\"color: #ff0000;\"><strong>Piso de pl\u00e1stico<\/strong><\/span> para cerdos en maternidad y destete.<\/span><br style=\"background-color: #f5f5f5;\" \/><span style=\"background-color: #f5f5f5;\">&#8211;\u00a0 <span style=\"color: #ff0000;\"><strong>Sistemas de alimentaci\u00f3n<\/strong><\/span>.<\/span><br style=\"background-color: #f5f5f5;\" \/><span style=\"background-color: #f5f5f5;\">&#8211;\u00a0 <span style=\"color: #ff0000;\"><strong>Separadores de s\u00f3lidos<\/strong><\/span>.<\/span><br style=\"background-color: #f5f5f5;\" \/><span style=\"background-color: #f5f5f5;\">&#8211;\u00a0 <span style=\"color: #ff0000;\"><strong>Equipo para centros de inseminaci\u00f3n<\/strong><\/span>.<\/span><br style=\"background-color: #f5f5f5;\" \/><span style=\"background-color: #f5f5f5;\">&#8211;\u00a0 <span style=\"color: #ff0000;\"><strong>B\u00e1sculas<\/strong><\/span><\/span><br style=\"background-color: #f5f5f5;\" \/><span style=\"background-color: #f5f5f5;\">&#8211;\u00a0 <span style=\"color: #ff0000;\"><strong>Equipos<\/strong><\/span> para ventilaci\u00f3n y calefacci\u00f3n de casetas de cerdos<\/span><br style=\"background-color: #f5f5f5;\" \/><span style=\"background-color: #f5f5f5;\">&#8211;\u00a0 <span style=\"color: #ff0000;\"><strong>Bebederos<\/strong><\/span><\/span><br style=\"background-color: #f5f5f5;\" \/><span style=\"background-color: #f5f5f5;\">&#8211;\u00a0 <span style=\"color: #ff0000;\"><strong>Tapetes<\/strong><\/span><\/span><br style=\"background-color: #f5f5f5;\" \/><span style=\"background-color: #f5f5f5;\">&#8211;\u00a0 <span style=\"color: #ff0000;\"><strong>Accesorios<\/strong><\/span> varios para granjas.<\/span><\/p>\t\t\t\t\t\t\t\t<\/div>\n\t\t\t\t<\/div>\n\t\t\t\t\t<\/div>\n\t\t<\/div>\n\t\t\t\t\t<\/div>\n\t\t<\/section>\n\t\t\t\t<section class=\"elementor-section elementor-inner-section elementor-element elementor-element-3e4e694 elementor-section-content-middle elementor-reverse-tablet elementor-reverse-mobile elementor-section-boxed elementor-section-height-default elementor-section-height-default\" data-id=\"3e4e694\" data-element_type=\"section\" data-e-type=\"section\">\n\t\t\t\t\t\t<div class=\"elementor-container elementor-column-gap-no\">\n\t\t\t\t\t<div class=\"elementor-column elementor-col-33 elementor-inner-column elementor-element elementor-element-d4d12d3\" data-id=\"d4d12d3\" data-element_type=\"column\" data-e-type=\"column\" data-settings=\"{&quot;background_background&quot;:&quot;classic&quot;}\">\n\t\t\t<div class=\"elementor-widget-wrap elementor-element-populated\">\n\t\t\t\t\t\t<div class=\"elementor-element elementor-element-02990d7 elementor-widget elementor-widget-heading\" data-id=\"02990d7\" data-element_type=\"widget\" data-e-type=\"widget\" data-widget_type=\"heading.default\">\n\t\t\t\t<div class=\"elementor-widget-container\">\n\t\t\t\t\t<h3 class=\"elementor-heading-title elementor-size-default\">Linea Fabrica de Alimentos<\/h3>\t\t\t\t<\/div>\n\t\t\t\t<\/div>\n\t\t\t\t<div class=\"elementor-element elementor-element-d4e30e0 elementor-widget-divider--view-line elementor-widget elementor-widget-divider\" data-id=\"d4e30e0\" data-element_type=\"widget\" data-e-type=\"widget\" data-widget_type=\"divider.default\">\n\t\t\t\t<div class=\"elementor-widget-container\">\n\t\t\t\t\t\t\t<div class=\"elementor-divider\">\n\t\t\t<span class=\"elementor-divider-separator\">\n\t\t\t\t\t\t<\/span>\n\t\t<\/div>\n\t\t\t\t\t\t<\/div>\n\t\t\t\t<\/div>\n\t\t\t\t<div class=\"elementor-element elementor-element-fdaeba5 elementor-widget__width-initial elementor-widget elementor-widget-text-editor\" data-id=\"fdaeba5\" data-element_type=\"widget\" data-e-type=\"widget\" data-widget_type=\"text-editor.default\">\n\t\t\t\t<div class=\"elementor-widget-container\">\n\t\t\t\t\t\t\t\t\t<p><span style=\"background-color: #f5f5f5;\">&#8211;\u00a0 Plantas compactas de alimentos.<\/span><br style=\"background-color: #f5f5f5;\" \/><span style=\"background-color: #f5f5f5;\">&#8211;\u00a0 Fabricas de alimentos balanceados.<\/span><br style=\"background-color: #f5f5f5;\" \/><span style=\"background-color: #f5f5f5;\">&#8211;\u00a0 Mezcladoras, molinos, bazokas.<\/span><br style=\"background-color: #f5f5f5;\" \/><span style=\"background-color: #f5f5f5;\">&#8211;\u00a0 Tolvas de almacenamiento.<\/span><br style=\"background-color: #f5f5f5;\" \/><span style=\"background-color: #f5f5f5;\">&#8211;\u00a0 Silos de almacenamiento de grano.<\/span><br style=\"background-color: #f5f5f5;\" \/><span style=\"background-color: #f5f5f5;\">&#8211;\u00a0 Basculas electronicas.<\/span><br style=\"background-color: #f5f5f5;\" \/><span style=\"background-color: #f5f5f5;\">&#8211;\u00a0 Sistemas de bacheo.<\/span><br style=\"background-color: #f5f5f5;\" \/><span style=\"background-color: #f5f5f5;\">&#8211;\u00a0 Transportadores de grano.<\/span><br style=\"background-color: #f5f5f5;\" \/><span style=\"background-color: #f5f5f5;\">&#8211;\u00a0 Elevadores de cangilones<\/span><br style=\"background-color: #f5f5f5;\" \/><span style=\"background-color: #f5f5f5;\">&#8211;\u00a0 Instalaciones, montajes y mas<\/span><\/p>\t\t\t\t\t\t\t\t<\/div>\n\t\t\t\t<\/div>\n\t\t\t\t\t<\/div>\n\t\t<\/div>\n\t\t\t\t<div class=\"elementor-column elementor-col-66 elementor-inner-column elementor-element elementor-element-22574b9\" data-id=\"22574b9\" data-element_type=\"column\" data-e-type=\"column\">\n\t\t\t<div class=\"elementor-widget-wrap elementor-element-populated\">\n\t\t\t\t\t\t<div class=\"elementor-element elementor-element-681194e elementor-widget elementor-widget-image\" data-id=\"681194e\" data-element_type=\"widget\" data-e-type=\"widget\" data-widget_type=\"image.default\">\n\t\t\t\t<div class=\"elementor-widget-container\">\n\t\t\t\t\t\t\t\t\t\t\t\t\t\t\t<img decoding=\"async\" width=\"1024\" height=\"683\" src=\"https:\/\/ipasa.com.mx\/wp-content\/uploads\/2023\/11\/Sin-titulo-2_Mesa-de-trabajo-1-1024x683.jpg\" class=\"attachment-large size-large wp-image-2362\" alt=\"\" srcset=\"https:\/\/ipasa.com.mx\/wp-content\/uploads\/2023\/11\/Sin-titulo-2_Mesa-de-trabajo-1-1024x683.jpg 1024w, https:\/\/ipasa.com.mx\/wp-content\/uploads\/2023\/11\/Sin-titulo-2_Mesa-de-trabajo-1-300x200.jpg 300w, https:\/\/ipasa.com.mx\/wp-content\/uploads\/2023\/11\/Sin-titulo-2_Mesa-de-trabajo-1-768x512.jpg 768w, https:\/\/ipasa.com.mx\/wp-content\/uploads\/2023\/11\/Sin-titulo-2_Mesa-de-trabajo-1-600x400.jpg 600w, https:\/\/ipasa.com.mx\/wp-content\/uploads\/2023\/11\/Sin-titulo-2_Mesa-de-trabajo-1.jpg 1200w\" sizes=\"(max-width: 1024px) 100vw, 1024px\" \/>\t\t\t\t\t\t\t\t\t\t\t\t\t\t\t<\/div>\n\t\t\t\t<\/div>\n\t\t\t\t\t<\/div>\n\t\t<\/div>\n\t\t\t\t\t<\/div>\n\t\t<\/section>\n\t\t\t\t\t<\/div>\n\t\t<\/div>\n\t\t\t\t\t<\/div>\n\t\t<\/section>\n\t\t\t\t<section class=\"elementor-section elementor-top-section elementor-element elementor-element-wf49csm elementor-section-boxed elementor-section-height-default elementor-section-height-default\" data-id=\"wf49csm\" data-element_type=\"section\" data-e-type=\"section\">\n\t\t\t\t\t\t<div class=\"elementor-container elementor-column-gap-no\">\n\t\t\t\t\t<div class=\"elementor-column elementor-col-100 elementor-top-column elementor-element elementor-element-730f282\" data-id=\"730f282\" data-element_type=\"column\" data-e-type=\"column\">\n\t\t\t<div class=\"elementor-widget-wrap elementor-element-populated\">\n\t\t\t\t\t\t<section class=\"elementor-section elementor-inner-section elementor-element elementor-element-be5dae5 elementor-section-content-middle elementor-section-boxed elementor-section-height-default elementor-section-height-default\" data-id=\"be5dae5\" data-element_type=\"section\" data-e-type=\"section\">\n\t\t\t\t\t\t<div class=\"elementor-container elementor-column-gap-no\">\n\t\t\t\t\t<div class=\"elementor-column elementor-col-66 elementor-inner-column elementor-element elementor-element-956409c\" data-id=\"956409c\" data-element_type=\"column\" data-e-type=\"column\">\n\t\t\t<div class=\"elementor-widget-wrap elementor-element-populated\">\n\t\t\t\t\t\t<div class=\"elementor-element elementor-element-d1ee831 elementor-widget elementor-widget-image\" data-id=\"d1ee831\" data-element_type=\"widget\" data-e-type=\"widget\" data-widget_type=\"image.default\">\n\t\t\t\t<div class=\"elementor-widget-container\">\n\t\t\t\t\t\t\t\t\t\t\t\t\t\t\t<img decoding=\"async\" width=\"1024\" height=\"683\" src=\"https:\/\/ipasa.com.mx\/wp-content\/uploads\/2023\/11\/image-2_Mesa-de-trabajo-1-1024x683.jpg\" class=\"attachment-large size-large wp-image-2366\" alt=\"\" srcset=\"https:\/\/ipasa.com.mx\/wp-content\/uploads\/2023\/11\/image-2_Mesa-de-trabajo-1-1024x683.jpg 1024w, https:\/\/ipasa.com.mx\/wp-content\/uploads\/2023\/11\/image-2_Mesa-de-trabajo-1-300x200.jpg 300w, https:\/\/ipasa.com.mx\/wp-content\/uploads\/2023\/11\/image-2_Mesa-de-trabajo-1-768x512.jpg 768w, https:\/\/ipasa.com.mx\/wp-content\/uploads\/2023\/11\/image-2_Mesa-de-trabajo-1-600x400.jpg 600w, https:\/\/ipasa.com.mx\/wp-content\/uploads\/2023\/11\/image-2_Mesa-de-trabajo-1.jpg 1200w\" sizes=\"(max-width: 1024px) 100vw, 1024px\" \/>\t\t\t\t\t\t\t\t\t\t\t\t\t\t\t<\/div>\n\t\t\t\t<\/div>\n\t\t\t\t\t<\/div>\n\t\t<\/div>\n\t\t\t\t<div class=\"elementor-column elementor-col-33 elementor-inner-column elementor-element elementor-element-c8e4280\" data-id=\"c8e4280\" data-element_type=\"column\" data-e-type=\"column\" data-settings=\"{&quot;background_background&quot;:&quot;classic&quot;}\">\n\t\t\t<div class=\"elementor-widget-wrap elementor-element-populated\">\n\t\t\t\t\t\t<div class=\"elementor-element elementor-element-e78335d elementor-widget elementor-widget-heading\" data-id=\"e78335d\" data-element_type=\"widget\" data-e-type=\"widget\" data-widget_type=\"heading.default\">\n\t\t\t\t<div class=\"elementor-widget-container\">\n\t\t\t\t\t<h3 class=\"elementor-heading-title elementor-size-default\">L\u00ednea de equipos para Bovinos y Ovinos<\/h3>\t\t\t\t<\/div>\n\t\t\t\t<\/div>\n\t\t\t\t<div class=\"elementor-element elementor-element-1b65755 elementor-widget-divider--view-line elementor-widget elementor-widget-divider\" data-id=\"1b65755\" data-element_type=\"widget\" data-e-type=\"widget\" data-widget_type=\"divider.default\">\n\t\t\t\t<div class=\"elementor-widget-container\">\n\t\t\t\t\t\t\t<div class=\"elementor-divider\">\n\t\t\t<span class=\"elementor-divider-separator\">\n\t\t\t\t\t\t<\/span>\n\t\t<\/div>\n\t\t\t\t\t\t<\/div>\n\t\t\t\t<\/div>\n\t\t\t\t<div class=\"elementor-element elementor-element-51a22ff elementor-widget elementor-widget-text-editor\" data-id=\"51a22ff\" data-element_type=\"widget\" data-e-type=\"widget\" data-widget_type=\"text-editor.default\">\n\t\t\t\t<div class=\"elementor-widget-container\">\n\t\t\t\t\t\t\t\t\t<p><span style=\"background-color: #f5f5f5;\">&#8211;\u00a0 Remolques mezcladores de alimento varios modelos.<br \/>&#8211;\u00a0 Bebederos.<br \/>&#8211;\u00a0 Corrales.<br \/>&#8211;\u00a0 Pisos pl\u00e1sticos.<br \/><br \/><\/span><\/p>\t\t\t\t\t\t\t\t<\/div>\n\t\t\t\t<\/div>\n\t\t\t\t\t<\/div>\n\t\t<\/div>\n\t\t\t\t\t<\/div>\n\t\t<\/section>\n\t\t\t\t<section class=\"elementor-section elementor-inner-section elementor-element elementor-element-3e4e694 elementor-section-content-middle elementor-reverse-tablet elementor-reverse-mobile elementor-section-boxed elementor-section-height-default elementor-section-height-default\" data-id=\"3e4e694\" data-element_type=\"section\" data-e-type=\"section\">\n\t\t\t\t\t\t<div class=\"elementor-container elementor-column-gap-no\">\n\t\t\t\t\t<div class=\"elementor-column elementor-col-33 elementor-inner-column elementor-element elementor-element-d4d12d3\" data-id=\"d4d12d3\" data-element_type=\"column\" data-e-type=\"column\" data-settings=\"{&quot;background_background&quot;:&quot;classic&quot;}\">\n\t\t\t<div class=\"elementor-widget-wrap elementor-element-populated\">\n\t\t\t\t\t\t<div class=\"elementor-element elementor-element-02990d7 elementor-widget elementor-widget-heading\" data-id=\"02990d7\" data-element_type=\"widget\" data-e-type=\"widget\" data-widget_type=\"heading.default\">\n\t\t\t\t<div class=\"elementor-widget-container\">\n\t\t\t\t\t<h3 class=\"elementor-heading-title elementor-size-default\">Linea de Montajes Industriales<\/h3>\t\t\t\t<\/div>\n\t\t\t\t<\/div>\n\t\t\t\t<div class=\"elementor-element elementor-element-d4e30e0 elementor-widget-divider--view-line elementor-widget elementor-widget-divider\" data-id=\"d4e30e0\" data-element_type=\"widget\" data-e-type=\"widget\" data-widget_type=\"divider.default\">\n\t\t\t\t<div class=\"elementor-widget-container\">\n\t\t\t\t\t\t\t<div class=\"elementor-divider\">\n\t\t\t<span class=\"elementor-divider-separator\">\n\t\t\t\t\t\t<\/span>\n\t\t<\/div>\n\t\t\t\t\t\t<\/div>\n\t\t\t\t<\/div>\n\t\t\t\t<div class=\"elementor-element elementor-element-fdaeba5 elementor-widget elementor-widget-text-editor\" data-id=\"fdaeba5\" data-element_type=\"widget\" data-e-type=\"widget\" data-widget_type=\"text-editor.default\">\n\t\t\t\t<div class=\"elementor-widget-container\">\n\t\t\t\t\t\t\t\t\t<p><span style=\"background-color: #f5f5f5;\">&#8211;\u00a0 Montajes para almacenamiento y manejo de pellet de pl\u00e1stico.<\/span><br style=\"background-color: #f5f5f5;\" \/><span style=\"background-color: #f5f5f5;\">&#8211;\u00a0 Montajes de f\u00e1bricas de alimento vendidas por otras compa\u00f1\u00edas.<\/span><br style=\"background-color: #f5f5f5;\" \/><span style=\"background-color: #f5f5f5;\">&#8211;\u00a0 Instalaci\u00f3n de silos de almacenamiento de varias capacidades.<\/span><\/p>\t\t\t\t\t\t\t\t<\/div>\n\t\t\t\t<\/div>\n\t\t\t\t\t<\/div>\n\t\t<\/div>\n\t\t\t\t<div class=\"elementor-column elementor-col-66 elementor-inner-column elementor-element elementor-element-22574b9\" data-id=\"22574b9\" data-element_type=\"column\" data-e-type=\"column\">\n\t\t\t<div class=\"elementor-widget-wrap elementor-element-populated\">\n\t\t\t\t\t\t<div class=\"elementor-element elementor-element-681194e elementor-widget elementor-widget-image\" data-id=\"681194e\" data-element_type=\"widget\" data-e-type=\"widget\" data-widget_type=\"image.default\">\n\t\t\t\t<div class=\"elementor-widget-container\">\n\t\t\t\t\t\t\t\t\t\t\t\t\t\t\t<img loading=\"lazy\" decoding=\"async\" width=\"1024\" height=\"683\" src=\"https:\/\/ipasa.com.mx\/wp-content\/uploads\/2023\/11\/Sin-titulo-3_Mesa-de-trabajo-1-1024x683.jpg\" class=\"attachment-large size-large wp-image-2368\" alt=\"\" srcset=\"https:\/\/ipasa.com.mx\/wp-content\/uploads\/2023\/11\/Sin-titulo-3_Mesa-de-trabajo-1-1024x683.jpg 1024w, https:\/\/ipasa.com.mx\/wp-content\/uploads\/2023\/11\/Sin-titulo-3_Mesa-de-trabajo-1-300x200.jpg 300w, https:\/\/ipasa.com.mx\/wp-content\/uploads\/2023\/11\/Sin-titulo-3_Mesa-de-trabajo-1-768x512.jpg 768w, https:\/\/ipasa.com.mx\/wp-content\/uploads\/2023\/11\/Sin-titulo-3_Mesa-de-trabajo-1-600x400.jpg 600w, https:\/\/ipasa.com.mx\/wp-content\/uploads\/2023\/11\/Sin-titulo-3_Mesa-de-trabajo-1.jpg 1200w\" sizes=\"(max-width: 1024px) 100vw, 1024px\" \/>\t\t\t\t\t\t\t\t\t\t\t\t\t\t\t<\/div>\n\t\t\t\t<\/div>\n\t\t\t\t\t<\/div>\n\t\t<\/div>\n\t\t\t\t\t<\/div>\n\t\t<\/section>\n\t\t\t\t\t<\/div>\n\t\t<\/div>\n\t\t\t\t\t<\/div>\n\t\t<\/section>\n\t\t\t\t<\/div>\n\t\t","protected":false},"excerpt":{"rendered":"<p>NUESTRA HISTORIA Innovaci\u00f3n Pecuaria Agroindustrial y Social Agr\u00f3noma fue fundada en enero de 1985, con el\u00a0objetivo de crear una empresa industrial con el prop\u00f3sito de especializarla en la fabricaci\u00f3n de\u00a0implementos para granjas porcinas. Actualmente, IPASA, maneja varias l\u00edneas de productos, adem\u00e1s de la l\u00ednea de cerdos, como: equipo para fabricar alimentos balanceados, almacenaje de\u00a0granos, montajes [&hellip;]<\/p>\n","protected":false},"author":1,"featured_media":0,"parent":0,"menu_order":0,"comment_status":"closed","ping_status":"closed","template":"","meta":{"site-sidebar-layout":"no-sidebar","site-content-layout":"page-builder","ast-site-content-layout":"full-width-container","site-content-style":"default","site-sidebar-style":"default","ast-global-header-display":"","ast-banner-title-visibility":"","ast-main-header-display":"","ast-hfb-above-header-display":"","ast-hfb-below-header-display":"","ast-hfb-mobile-header-display":"","site-post-title":"disabled","ast-breadcrumbs-content":"","ast-featured-img":"disabled","footer-sml-layout":"","theme-transparent-header-meta":"","adv-header-id-meta":"","stick-header-meta":"","header-above-stick-meta":"","header-main-stick-meta":"","header-below-stick-meta":"","astra-migrate-meta-layouts":"set","ast-page-background-enabled":"default","ast-page-background-meta":{"desktop":{"background-color":"","background-image":"","background-repeat":"repeat","background-position":"center center","background-size":"auto","background-attachment":"scroll","background-type":"","background-media":"","overlay-type":"","overlay-color":"","overlay-opacity":"","overlay-gradient":""},"tablet":{"background-color":"","background-image":"","background-repeat":"repeat","background-position":"center center","background-size":"auto","background-attachment":"scroll","background-type":"","background-media":"","overlay-type":"","overlay-color":"","overlay-opacity":"","overlay-gradient":""},"mobile":{"background-color":"","background-image":"","background-repeat":"repeat","background-position":"center center","background-size":"auto","background-attachment":"scroll","background-type":"","background-media":"","overlay-type":"","overlay-color":"","overlay-opacity":"","overlay-gradient":""}},"ast-content-background-meta":{"desktop":{"background-color":"var(--ast-global-color-5)","background-image":"","background-repeat":"repeat","background-position":"center center","background-size":"auto","background-attachment":"scroll","background-type":"","background-media":"","overlay-type":"","overlay-color":"","overlay-opacity":"","overlay-gradient":""},"tablet":{"background-color":"var(--ast-global-color-5)","background-image":"","background-repeat":"repeat","background-position":"center center","background-size":"auto","background-attachment":"scroll","background-type":"","background-media":"","overlay-type":"","overlay-color":"","overlay-opacity":"","overlay-gradient":""},"mobile":{"background-color":"var(--ast-global-color-5)","background-image":"","background-repeat":"repeat","background-position":"center center","background-size":"auto","background-attachment":"scroll","background-type":"","background-media":"","overlay-type":"","overlay-color":"","overlay-opacity":"","overlay-gradient":""}},"_joinchat":[],"footnotes":""},"class_list":["post-2265","page","type-page","status-publish","hentry"],"_links":{"self":[{"href":"https:\/\/ipasa.com.mx\/index.php\/wp-json\/wp\/v2\/pages\/2265","targetHints":{"allow":["GET"]}}],"collection":[{"href":"https:\/\/ipasa.com.mx\/index.php\/wp-json\/wp\/v2\/pages"}],"about":[{"href":"https:\/\/ipasa.com.mx\/index.php\/wp-json\/wp\/v2\/types\/page"}],"author":[{"embeddable":true,"href":"https:\/\/ipasa.com.mx\/index.php\/wp-json\/wp\/v2\/users\/1"}],"replies":[{"embeddable":true,"href":"https:\/\/ipasa.com.mx\/index.php\/wp-json\/wp\/v2\/comments?post=2265"}],"version-history":[{"count":98,"href":"https:\/\/ipasa.com.mx\/index.php\/wp-json\/wp\/v2\/pages\/2265\/revisions"}],"predecessor-version":[{"id":2910,"href":"https:\/\/ipasa.com.mx\/index.php\/wp-json\/wp\/v2\/pages\/2265\/revisions\/2910"}],"wp:attachment":[{"href":"https:\/\/ipasa.com.mx\/index.php\/wp-json\/wp\/v2\/media?parent=2265"}],"curies":[{"name":"wp","href":"https:\/\/api.w.org\/{rel}","templated":true}]}}